{"id":465,"date":"2015-05-01T16:44:31","date_gmt":"2015-05-01T14:44:31","guid":{"rendered":"http:\/\/summercamp.cat\/?page_id=465"},"modified":"2015-06-07T22:17:13","modified_gmt":"2015-06-07T20:17:13","slug":"sax15-canal-de-televisio-de-guifinet-gtv","status":"publish","type":"page","link":"http:\/\/summercamp.cat\/en\/scg15\/xerrades-scg15\/sax15-canal-de-televisio-de-guifinet-gtv\/","title":{"rendered":"SAX15 &#8211; Canal de televisi\u00f3n de guifinet, gTV"},"content":{"rendered":"<p><strong>T\u00edtulo:<\/strong> Canal de televisi\u00f3n de guifinet, gTV<\/p>\n<p><strong>Ponente:<\/strong> Eloi Rebes<\/p>\n<p><strong>Evento:<\/strong> SAX 2015<\/p>\n<p><strong>Descripci\u00f3n:<\/strong><br \/>\nDesde hace unos 5 a\u00f1os, se est\u00e1 llevando a cabo la grabaci\u00f3n de talleres y charlas, para que se puedan ver de nuevo y dar la oportunidad de ver la charla a aquellos que no pudieron asistir al evento.<br \/>\nEn la actualidad disponemos de mas de 100 v\u00eddeos guardados en el servidor <a href=\"http:\/\/videos.guifi.net\/guifimedia\/\" target=\"_blank\">propi[1]<\/a> en el cual se puede acceder desde la red guifi.net del Barcelon\u00e8s, como por Internet.<br \/>\nEn ocasiones como el SAX, se empez\u00f3 a trabajar para retransmitirlo en directo. El SAX 2001 fue el primero, despu\u00e9s fueron los del 2012 y tambi\u00e9n el del 2014.<br \/>\nEsto dos conceptos se han unido en el proyecto guifiTV. Dispone de <a href=\"http:\/\/guifitv.guifi.net\/\" target=\"_blank\">una web[2]<\/a> que es como un blog, donde se va informando de las novedades o temas relacionados.<br \/>\nFinalmente, y como dato mas importante, se cre\u00f3 <a href=\"http:\/\/tv.guifi.net\/\" target=\"_blank\">una web[3]<\/a> que es como la punta de un iceberg, donde lo unifica todo: eventos en directos o otros ya grabados. Contiene incrustado un flujo constante de v\u00eddeo, como un canal de televisi\u00f3n.<br \/>\nAdem\u00e1s va acompa\u00f1ado de las \u00faltimas novedades de la web de guifi, los mensajes de twitter recientes, enlaces a otras webs importantes, como la Fundaci\u00f3n, el Project y redes sociales como Facebook, youtube, el social. Todos relacionados con guifi.net. \u00a1Una web para estar al d\u00eda de todo!<\/p>\n<p>La ponencia, a parte de entrar en detalle, se acompa\u00f1ar\u00e1 de la explicaci\u00f3n de como ponernos de acuerdo para poder retransmitir cualquier evento, ya sea con una c\u00e1mara de v\u00eddeo+pc o con un tel\u00e9fono de \u00faltima generaci\u00f3n.<br \/>\nTambi\u00e9n destacamos el hecho de poder ver el canal desde cualquier punto de la red, con la combinaci\u00f3n de Peerstreaming, incluido en el proyecto Cloudy!<\/p>\n<p>\u00a1La ponencia estar\u00e1 abierta a nuevas propuestas de mejora!<\/p>\n<p>SAX!! :)<\/p>\n<p>[1] <a href=\"http:\/\/videos.guifi.net\/guifimedia\/\" target=\"_blank\">http:\/\/videos.guifi.net\/guifimedia\/<\/a><br \/>\n[2] <a href=\"http:\/\/guifitv.guifi.net\/\" target=\"_blank\">http:\/\/guifitv.guifi.net\/<\/a><br \/>\n[3] <a href=\"http:\/\/tv.guifi.net\/\" target=\"_blank\">http:\/\/tv.guifi.net\/<\/a><\/p>","protected":false},"excerpt":{"rendered":"<p>T\u00edtulo: Canal de televisi\u00f3n de guifinet, gTV Ponente: Eloi Rebes Evento: SAX 2015 Descripci\u00f3n: Desde hace unos 5 a\u00f1os, se est\u00e1 llevando a cabo la grabaci\u00f3n de talleres y charlas, para que se puedan ver de nuevo y dar la oportunidad de ver la charla a aquellos que no pudieron asistir al evento. En la [&hellip;]<\/p>\n","protected":false},"author":1,"featured_media":0,"parent":455,"menu_order":3,"comment_status":"closed","ping_status":"closed","template":"","meta":{"jetpack_post_was_ever_published":false,"footnotes":""},"class_list":["post-465","page","type-page","status-publish","hentry"],"jetpack_shortlink":"https:\/\/wp.me\/P1ibDl-7v","jetpack_sharing_enabled":true,"_links":{"self":[{"href":"http:\/\/summercamp.cat\/en\/wp-json\/wp\/v2\/pages\/465","targetHints":{"allow":["GET"]}}],"collection":[{"href":"http:\/\/summercamp.cat\/en\/wp-json\/wp\/v2\/pages"}],"about":[{"href":"http:\/\/summercamp.cat\/en\/wp-json\/wp\/v2\/types\/page"}],"author":[{"embeddable":true,"href":"http:\/\/summercamp.cat\/en\/wp-json\/wp\/v2\/users\/1"}],"replies":[{"embeddable":true,"href":"http:\/\/summercamp.cat\/en\/wp-json\/wp\/v2\/comments?post=465"}],"version-history":[{"count":4,"href":"http:\/\/summercamp.cat\/en\/wp-json\/wp\/v2\/pages\/465\/revisions"}],"predecessor-version":[{"id":496,"href":"http:\/\/summercamp.cat\/en\/wp-json\/wp\/v2\/pages\/465\/revisions\/496"}],"up":[{"embeddable":true,"href":"http:\/\/summercamp.cat\/en\/wp-json\/wp\/v2\/pages\/455"}],"wp:attachment":[{"href":"http:\/\/summercamp.cat\/en\/wp-json\/wp\/v2\/media?parent=465"}],"curies":[{"name":"wp","href":"https:\/\/api.w.org\/{rel}","templated":true}]}}