{"id":482,"date":"2015-05-11T19:51:02","date_gmt":"2015-05-11T17:51:02","guid":{"rendered":"http:\/\/summercamp.cat\/?page_id=482"},"modified":"2015-05-12T19:30:51","modified_gmt":"2015-05-12T17:30:51","slug":"scg15-historia-dels-hackers-a-la-riba-esquerre-de-la-mediterrania","status":"publish","type":"page","link":"http:\/\/summercamp.cat\/en\/scg15\/xerrades-scg15\/scg15-historia-dels-hackers-a-la-riba-esquerre-de-la-mediterrania\/","title":{"rendered":"SCG15 &#8211; Historia de los hackers en la ribera izquierda de la Mediterr\u00e1nea"},"content":{"rendered":"<p><strong>T\u00edtulo:<\/strong> Historia de los hackers en la ribera izquierda de la Mediterr\u00e1nea<\/p>\n<p><strong>Ponente:<\/strong> Merc\u00e8 Molist<\/p>\n<p><strong>Evento:<\/strong> SCG 2015<\/p>\n<p><strong>Descripci\u00f3n:<\/strong><br \/>\nCuentos y historias sobre los hackers legendarios que corrian por la red en los a\u00f1os 90, desde el Golfo de Le\u00f3n hasta el Cabo de Gata.<\/p>","protected":false},"excerpt":{"rendered":"<p>T\u00edtulo: Historia de los hackers en la ribera izquierda de la Mediterr\u00e1nea Ponente: Merc\u00e8 Molist Evento: SCG 2015 Descripci\u00f3n: Cuentos y historias sobre los hackers legendarios que corrian por la red en los a\u00f1os 90, desde el Golfo de Le\u00f3n hasta el Cabo de Gata.<\/p>\n","protected":false},"author":1,"featured_media":0,"parent":455,"menu_order":0,"comment_status":"closed","ping_status":"closed","template":"","meta":{"jetpack_post_was_ever_published":false,"footnotes":""},"class_list":["post-482","page","type-page","status-publish","hentry"],"jetpack_shortlink":"https:\/\/wp.me\/P1ibDl-7M","jetpack_sharing_enabled":true,"_links":{"self":[{"href":"http:\/\/summercamp.cat\/en\/wp-json\/wp\/v2\/pages\/482","targetHints":{"allow":["GET"]}}],"collection":[{"href":"http:\/\/summercamp.cat\/en\/wp-json\/wp\/v2\/pages"}],"about":[{"href":"http:\/\/summercamp.cat\/en\/wp-json\/wp\/v2\/types\/page"}],"author":[{"embeddable":true,"href":"http:\/\/summercamp.cat\/en\/wp-json\/wp\/v2\/users\/1"}],"replies":[{"embeddable":true,"href":"http:\/\/summercamp.cat\/en\/wp-json\/wp\/v2\/comments?post=482"}],"version-history":[{"count":3,"href":"http:\/\/summercamp.cat\/en\/wp-json\/wp\/v2\/pages\/482\/revisions"}],"predecessor-version":[{"id":500,"href":"http:\/\/summercamp.cat\/en\/wp-json\/wp\/v2\/pages\/482\/revisions\/500"}],"up":[{"embeddable":true,"href":"http:\/\/summercamp.cat\/en\/wp-json\/wp\/v2\/pages\/455"}],"wp:attachment":[{"href":"http:\/\/summercamp.cat\/en\/wp-json\/wp\/v2\/media?parent=482"}],"curies":[{"name":"wp","href":"https:\/\/api.w.org\/{rel}","templated":true}]}}