{"id":537,"date":"2015-06-13T19:04:48","date_gmt":"2015-06-13T17:04:48","guid":{"rendered":"http:\/\/summercamp.cat\/?page_id=537"},"modified":"2015-06-18T21:15:33","modified_gmt":"2015-06-18T19:15:33","slug":"scg15-400-anys-despres","status":"publish","type":"page","link":"http:\/\/summercamp.cat\/en\/scg15\/xerrades-scg15\/scg15-400-anys-despres\/","title":{"rendered":"SCG15 &#8211; 400 a\u00f1os despu\u00e9s"},"content":{"rendered":"<p><strong>T\u00edtol:<\/strong> 400 a\u00f1os despu\u00e9s<\/p>\n<p><strong>Ponent:<\/strong> Carles Gil<\/p>\n<p><strong>Esdeveniment:<\/strong> SCG 2015<\/p>\n<p><strong>Descripci\u00f3:<\/strong><br \/>\nPara empezar las jornadas hablaremos de la import\u00e1ncia de los descubrimientos de Galileu con el primer telescopio (ahora hace 400 a\u00f1os): el heliocentrismo. Se dar\u00e1 una visi\u00f3n actual del cosmos con im\u00e1genes capturadas por el telescopio espacial Hubble, y se har\u00e1 un recorrido por la superf\u00edcie de Marte, con el respaldo de im\u00e1genes 3D (se mostrar\u00e1 el m\u00e9todo de la fotograf\u00eda 3D). Finalmente se realizar\u00e1 una actividad de localizar constelaciones y planetas en el firmamento.<\/p>\n<p><strong>Material necesario:<\/strong><br \/>\nTraed binoculares y si ten\u00e9is un telescopio! :)<\/p>","protected":false},"excerpt":{"rendered":"<p>T\u00edtol: 400 a\u00f1os despu\u00e9s Ponent: Carles Gil Esdeveniment: SCG 2015 Descripci\u00f3: Para empezar las jornadas hablaremos de la import\u00e1ncia de los descubrimientos de Galileu con el primer telescopio (ahora hace 400 a\u00f1os): el heliocentrismo. Se dar\u00e1 una visi\u00f3n actual del cosmos con im\u00e1genes capturadas por el telescopio espacial Hubble, y se har\u00e1 un recorrido por [&hellip;]<\/p>\n","protected":false},"author":1,"featured_media":0,"parent":455,"menu_order":0,"comment_status":"closed","ping_status":"closed","template":"","meta":{"jetpack_post_was_ever_published":false,"footnotes":""},"class_list":["post-537","page","type-page","status-publish","hentry"],"jetpack_shortlink":"https:\/\/wp.me\/P1ibDl-8F","jetpack_sharing_enabled":true,"_links":{"self":[{"href":"http:\/\/summercamp.cat\/en\/wp-json\/wp\/v2\/pages\/537","targetHints":{"allow":["GET"]}}],"collection":[{"href":"http:\/\/summercamp.cat\/en\/wp-json\/wp\/v2\/pages"}],"about":[{"href":"http:\/\/summercamp.cat\/en\/wp-json\/wp\/v2\/types\/page"}],"author":[{"embeddable":true,"href":"http:\/\/summercamp.cat\/en\/wp-json\/wp\/v2\/users\/1"}],"replies":[{"embeddable":true,"href":"http:\/\/summercamp.cat\/en\/wp-json\/wp\/v2\/comments?post=537"}],"version-history":[{"count":3,"href":"http:\/\/summercamp.cat\/en\/wp-json\/wp\/v2\/pages\/537\/revisions"}],"predecessor-version":[{"id":555,"href":"http:\/\/summercamp.cat\/en\/wp-json\/wp\/v2\/pages\/537\/revisions\/555"}],"up":[{"embeddable":true,"href":"http:\/\/summercamp.cat\/en\/wp-json\/wp\/v2\/pages\/455"}],"wp:attachment":[{"href":"http:\/\/summercamp.cat\/en\/wp-json\/wp\/v2\/media?parent=537"}],"curies":[{"name":"wp","href":"https:\/\/api.w.org\/{rel}","templated":true}]}}