{"id":252,"date":"2013-05-20T18:39:16","date_gmt":"2013-05-20T16:39:16","guid":{"rendered":"http:\/\/summercamp.cat\/?page_id=252"},"modified":"2015-04-18T00:19:45","modified_gmt":"2015-04-17T22:19:45","slug":"historia","status":"publish","type":"page","link":"http:\/\/summercamp.cat\/es\/historia\/","title":{"rendered":"Historia"},"content":{"rendered":"<p>Este evento naci\u00f3 en 2008 para promocionar el mundo del software libre y la parte mas t\u00e9cnica de la inform\u00e1tica en la Garrotxa.<\/p>\n<p>Todo sali\u00f3 a partir de una conversaci\u00f3n con un organizador de la Volc\u00e1nica LAN Party, donde me sorprendi\u00f3 la poca utilizaci\u00f3n de sistemas GNU\/Linux en la party, aunque el d\u00eda siguiente hab\u00eda charlas de software libre. As\u00ed que sali\u00f3 la propuesta de hacer unas jornadas mas t\u00e9cnicas.<br \/>\nParalelamente por aquellas fechas se realiz\u00f3 el hackmeeting en Gernika y la temperatura ambiental era uno de los problemas, adem\u00e1s que en el Hackmeeting, al igual que en muchas jornadas de inform\u00e1tica se realizan en sitios cerrados.<\/p>\n<p>As\u00ed que se plante\u00f3 celebrar unas jornadas t\u00e9cnicas, en verano y al aire libre. En Julio de 2008 pues, se celebr\u00f3 la primera edici\u00f3n del summer camp garrotxa en Sant Jaume de Llierca, con una participaci\u00f3n de unas treinta personas.<br \/>\nEn motivo que las proyecciones se hac\u00edan al aire libre, se decidi\u00f3 realizar las charlas en horario nocturno, se solucionaba as\u00ed la problem\u00e1tica del exceso de luz, adem\u00e1s de que la temperatura era mas agradable y que muchos de los participantes son animales nocturnos.<\/p>\n<p>En 2009 y en 2010, se sigui\u00f3 la misma filosof\u00eda, pero para compartir infraestructura, el summercamp se realiz\u00f3 conjuntamente con la Volc\u00e1nica LAN Party en el local social de Les Preses. Gracias al \u00e9xito de las ediciones anteriores el numero de participantes iba subiendo poco a poco, hasta el 2010 llegar a tener una 70a de participantes.<\/p>\n<p>En 2011, finalmente se decidi\u00f3 volver a celebrar de nuevo el summer camp en otra ubicaci\u00f3n, en el campo de f\u00fatbol de Batet de la Serra. Volv\u00edamos a unas infraestructuras un poco mas pobres, pero volv\u00edamos a un ambiente \u00fanico y exclusivo, adem\u00e1s de la familiaridad que ha caracterizado cada una de las ediciones.<\/p>\n<p>De cara al 2012 se decidi\u00f3 realizar una peque\u00f1a pausa, al menos en la Garrotxa, ya que las compa\u00f1eras de Euskalherria tomaron el relevo con una jornada llamada ud4kamp (summercamp pero en Euskera), que se realiz\u00f3 en el Gaztetxe de Gernika. La participaci\u00f3n fue de unas 80 personas. Se volv\u00eda de nuevo un poco a la mentalidad de un evento similar al Hackmeeting, pero manteniendo la familiaridad entre todos los asistentes.<\/p>\n<p>En 2013 las jornadas se volvieron a celebrar en Sant Joan les Fonts. Se hizo el experimento de hacer las charlas de d\u00eda y en un lugar cerrado, en el Castell de Juviny\u00e0.<\/p>\n<p>En 2014 realizamos una pausa, pero nuestras compa\u00f1eras del pa\u00eds basco no pudieron realizar el ud4kamp que qued\u00f3 en una escapadita de fin de semana en Julio con poquita difusi\u00f3n, pero igualmente especial!<\/p>\n<p>En 2015 volvemos otra vez y con fuerza en otro espacio totalmente distinto, con mas infraestructura y nuevos colaboradores. Para vivirlo ten\u00e9is que pasaros :)<\/p>\n<p>No querr\u00eda terminar esta p\u00e1gina sin agradecer a todos aquellos colectivos y personas que de forma individual han hecho posible a\u00f1o tras a\u00f1o estas jornadas las cuales asimilo culinariamente con el magret de pato con mermelada de fresa, ordenadores y naturaleza, la curiosa mezcla entre lo dulce y lo salado!<\/p>\n<p>Nos vemos en el campo!<\/p>","protected":false},"excerpt":{"rendered":"<p>Este evento naci\u00f3 en 2008 para promocionar el mundo del software libre y la parte mas t\u00e9cnica de la inform\u00e1tica en la Garrotxa. Todo sali\u00f3 a partir de una conversaci\u00f3n con un organizador de la Volc\u00e1nica LAN Party, donde me sorprendi\u00f3 la poca utilizaci\u00f3n de sistemas GNU\/Linux en la party, aunque el d\u00eda siguiente hab\u00eda [&hellip;]<\/p>\n","protected":false},"author":1,"featured_media":0,"parent":0,"menu_order":-49,"comment_status":"closed","ping_status":"closed","template":"","meta":{"jetpack_post_was_ever_published":false,"footnotes":""},"class_list":["post-252","page","type-page","status-publish","hentry"],"jetpack_shortlink":"https:\/\/wp.me\/P1ibDl-44","jetpack_sharing_enabled":true,"_links":{"self":[{"href":"http:\/\/summercamp.cat\/es\/wp-json\/wp\/v2\/pages\/252","targetHints":{"allow":["GET"]}}],"collection":[{"href":"http:\/\/summercamp.cat\/es\/wp-json\/wp\/v2\/pages"}],"about":[{"href":"http:\/\/summercamp.cat\/es\/wp-json\/wp\/v2\/types\/page"}],"author":[{"embeddable":true,"href":"http:\/\/summercamp.cat\/es\/wp-json\/wp\/v2\/users\/1"}],"replies":[{"embeddable":true,"href":"http:\/\/summercamp.cat\/es\/wp-json\/wp\/v2\/comments?post=252"}],"version-history":[{"count":5,"href":"http:\/\/summercamp.cat\/es\/wp-json\/wp\/v2\/pages\/252\/revisions"}],"predecessor-version":[{"id":463,"href":"http:\/\/summercamp.cat\/es\/wp-json\/wp\/v2\/pages\/252\/revisions\/463"}],"wp:attachment":[{"href":"http:\/\/summercamp.cat\/es\/wp-json\/wp\/v2\/media?parent=252"}],"curies":[{"name":"wp","href":"https:\/\/api.w.org\/{rel}","templated":true}]}}