{"id":504,"date":"2015-05-19T22:28:07","date_gmt":"2015-05-19T20:28:07","guid":{"rendered":"http:\/\/summercamp.cat\/?page_id=504"},"modified":"2015-05-19T22:28:22","modified_gmt":"2015-05-19T20:28:22","slug":"scg15-pandap","status":"publish","type":"page","link":"http:\/\/summercamp.cat\/es\/scg15\/xerrades-scg15\/scg15-pandap\/","title":{"rendered":"SCG15 &#8211; PandAP"},"content":{"rendered":"<p><strong>T\u00edtulo:<\/strong> PandAP<\/p>\n<p><strong>Ponente:<\/strong> Gerardo Garc\u00eda y Laura Mora<\/p>\n<p><strong>Evento:<\/strong> SCG 2015<\/p>\n<p><strong>Descripci\u00f3n:<\/strong><br \/>\nEn algunos eventos es necesario disponer de un sistema wifi seguro y de alta capacidad de usuarios. \u00c9ste proyecto consiste en montar un sistema de gesti\u00f3n de puntos de acceso wifi usando herramientas libres y un sistema operativo abierto (GNU\/Linux Debian), tanto para el servidor como para los puntos de acceso wifi.<br \/>\nEl sistema tiene la capacidad de ofrecer una red segura tanto para los usuarios que se conectan al punto de acceso como a los administradores de la red wifi.<br \/>\nEl sistema permite la autenticaci\u00f3n en los puntos de acceso con certificados y dispone de un IDS para la detecci\u00f3n de intrusos o usuarios que quieran atacar el sistema o a los otros usuarios conectados a la red.<br \/>\nA los usuarios con comportamientos err\u00e1ticos, se les corta la cabeza y se expone la misma en un lugar visible del evento.<\/p>","protected":false},"excerpt":{"rendered":"<p>T\u00edtulo: PandAP Ponente: Gerardo Garc\u00eda y Laura Mora Evento: SCG 2015 Descripci\u00f3n: En algunos eventos es necesario disponer de un sistema wifi seguro y de alta capacidad de usuarios. \u00c9ste proyecto consiste en montar un sistema de gesti\u00f3n de puntos de acceso wifi usando herramientas libres y un sistema operativo abierto (GNU\/Linux Debian), tanto para [&hellip;]<\/p>\n","protected":false},"author":1,"featured_media":0,"parent":455,"menu_order":1,"comment_status":"closed","ping_status":"closed","template":"","meta":{"jetpack_post_was_ever_published":false,"footnotes":""},"class_list":["post-504","page","type-page","status-publish","hentry"],"jetpack_shortlink":"https:\/\/wp.me\/P1ibDl-88","jetpack_sharing_enabled":true,"_links":{"self":[{"href":"http:\/\/summercamp.cat\/es\/wp-json\/wp\/v2\/pages\/504","targetHints":{"allow":["GET"]}}],"collection":[{"href":"http:\/\/summercamp.cat\/es\/wp-json\/wp\/v2\/pages"}],"about":[{"href":"http:\/\/summercamp.cat\/es\/wp-json\/wp\/v2\/types\/page"}],"author":[{"embeddable":true,"href":"http:\/\/summercamp.cat\/es\/wp-json\/wp\/v2\/users\/1"}],"replies":[{"embeddable":true,"href":"http:\/\/summercamp.cat\/es\/wp-json\/wp\/v2\/comments?post=504"}],"version-history":[{"count":1,"href":"http:\/\/summercamp.cat\/es\/wp-json\/wp\/v2\/pages\/504\/revisions"}],"predecessor-version":[{"id":505,"href":"http:\/\/summercamp.cat\/es\/wp-json\/wp\/v2\/pages\/504\/revisions\/505"}],"up":[{"embeddable":true,"href":"http:\/\/summercamp.cat\/es\/wp-json\/wp\/v2\/pages\/455"}],"wp:attachment":[{"href":"http:\/\/summercamp.cat\/es\/wp-json\/wp\/v2\/media?parent=504"}],"curies":[{"name":"wp","href":"https:\/\/api.w.org\/{rel}","templated":true}]}}