{"id":509,"date":"2015-06-07T21:50:43","date_gmt":"2015-06-07T19:50:43","guid":{"rendered":"http:\/\/summercamp.cat\/?page_id=509"},"modified":"2015-06-07T21:51:38","modified_gmt":"2015-06-07T19:51:38","slug":"scg15-smarthome-usant-arduino-raspberry-i-mes","status":"publish","type":"page","link":"http:\/\/summercamp.cat\/es\/scg15\/xerrades-scg15\/scg15-smarthome-usant-arduino-raspberry-i-mes\/","title":{"rendered":"SCG15 &#8211; SmartHome usando Arduino, Raspberry y m\u00e1s"},"content":{"rendered":"<p><strong>T\u00edtulo:<\/strong> SmartHome usando Arduino, Raspberry y m\u00e1s<\/p>\n<p><strong>Ponente:<\/strong> Oriol Rius<\/p>\n<p><strong>Evento:<\/strong> SCG 2015<\/p>\n<p><strong>Descripci\u00f3n:<\/strong><br \/>\nOrio Rius nos ense\u00f1ar\u00e1 como ha a\u00f1adido sensores y actuadores a dispositivos como la calefacci\u00f3n, luz, videovigil\u00e1ncia, puertas e incluso, sensores anti-gatos en el jard\u00edn, para tenerlo todo controlado cuando est\u00e1 fuera de su casa todo desde su dispositivo m\u00f3vil.<br \/>\nNos ense\u00f1ar\u00e1 tambi\u00e9n las dificultades t\u00e9cnicas (y sociales) con las que se ha encontrado y como las ha solucionado.<\/p>","protected":false},"excerpt":{"rendered":"<p>T\u00edtulo: SmartHome usando Arduino, Raspberry y m\u00e1s Ponente: Oriol Rius Evento: SCG 2015 Descripci\u00f3n: Orio Rius nos ense\u00f1ar\u00e1 como ha a\u00f1adido sensores y actuadores a dispositivos como la calefacci\u00f3n, luz, videovigil\u00e1ncia, puertas e incluso, sensores anti-gatos en el jard\u00edn, para tenerlo todo controlado cuando est\u00e1 fuera de su casa todo desde su dispositivo m\u00f3vil. Nos [&hellip;]<\/p>\n","protected":false},"author":1,"featured_media":0,"parent":455,"menu_order":1,"comment_status":"closed","ping_status":"closed","template":"","meta":{"jetpack_post_was_ever_published":false,"footnotes":""},"class_list":["post-509","page","type-page","status-publish","hentry"],"jetpack_shortlink":"https:\/\/wp.me\/P1ibDl-8d","jetpack_sharing_enabled":true,"_links":{"self":[{"href":"http:\/\/summercamp.cat\/es\/wp-json\/wp\/v2\/pages\/509","targetHints":{"allow":["GET"]}}],"collection":[{"href":"http:\/\/summercamp.cat\/es\/wp-json\/wp\/v2\/pages"}],"about":[{"href":"http:\/\/summercamp.cat\/es\/wp-json\/wp\/v2\/types\/page"}],"author":[{"embeddable":true,"href":"http:\/\/summercamp.cat\/es\/wp-json\/wp\/v2\/users\/1"}],"replies":[{"embeddable":true,"href":"http:\/\/summercamp.cat\/es\/wp-json\/wp\/v2\/comments?post=509"}],"version-history":[{"count":1,"href":"http:\/\/summercamp.cat\/es\/wp-json\/wp\/v2\/pages\/509\/revisions"}],"predecessor-version":[{"id":510,"href":"http:\/\/summercamp.cat\/es\/wp-json\/wp\/v2\/pages\/509\/revisions\/510"}],"up":[{"embeddable":true,"href":"http:\/\/summercamp.cat\/es\/wp-json\/wp\/v2\/pages\/455"}],"wp:attachment":[{"href":"http:\/\/summercamp.cat\/es\/wp-json\/wp\/v2\/media?parent=509"}],"curies":[{"name":"wp","href":"https:\/\/api.w.org\/{rel}","templated":true}]}}