{"id":175,"date":"2013-05-19T23:35:52","date_gmt":"2013-05-19T21:35:52","guid":{"rendered":"http:\/\/summercamp.cat\/?page_id=175"},"modified":"2015-03-15T00:16:57","modified_gmt":"2015-03-14T23:16:57","slug":"scg13","status":"publish","type":"page","link":"https:\/\/summercamp.cat\/en\/scg13\/","title":{"rendered":"SCG13"},"content":{"rendered":"<p>A vegades una pausa \u00e9s necess\u00e0ria per recarregar de nou les piles, per\u00f2 la pausa simplement, al igual que el guaret a l&#8217;agricultura, simplement ha servit per a deixar respirar la terra perqu\u00e8 l&#8217;any seg\u00fcent dongui m\u00e9s fruits.<\/p>\n<p>[en construcci\u00f3]<\/p>","protected":false},"excerpt":{"rendered":"<p>A vegades una pausa \u00e9s necess\u00e0ria per recarregar de nou les piles, per\u00f2 la pausa simplement, al igual que el guaret a l&#8217;agricultura, simplement ha servit per a deixar respirar la terra perqu\u00e8 l&#8217;any seg\u00fcent dongui m\u00e9s fruits. [en construcci\u00f3]<\/p>\n","protected":false},"author":1,"featured_media":0,"parent":0,"menu_order":-5,"comment_status":"closed","ping_status":"closed","template":"","meta":{"jetpack_post_was_ever_published":false,"footnotes":""},"class_list":["post-175","page","type-page","status-publish","hentry"],"jetpack_shortlink":"https:\/\/wp.me\/P1ibDl-2P","jetpack_sharing_enabled":true,"_links":{"self":[{"href":"https:\/\/summercamp.cat\/en\/wp-json\/wp\/v2\/pages\/175","targetHints":{"allow":["GET"]}}],"collection":[{"href":"https:\/\/summercamp.cat\/en\/wp-json\/wp\/v2\/pages"}],"about":[{"href":"https:\/\/summercamp.cat\/en\/wp-json\/wp\/v2\/types\/page"}],"author":[{"embeddable":true,"href":"https:\/\/summercamp.cat\/en\/wp-json\/wp\/v2\/users\/1"}],"replies":[{"embeddable":true,"href":"https:\/\/summercamp.cat\/en\/wp-json\/wp\/v2\/comments?post=175"}],"version-history":[{"count":3,"href":"https:\/\/summercamp.cat\/en\/wp-json\/wp\/v2\/pages\/175\/revisions"}],"predecessor-version":[{"id":235,"href":"https:\/\/summercamp.cat\/en\/wp-json\/wp\/v2\/pages\/175\/revisions\/235"}],"wp:attachment":[{"href":"https:\/\/summercamp.cat\/en\/wp-json\/wp\/v2\/media?parent=175"}],"curies":[{"name":"wp","href":"https:\/\/api.w.org\/{rel}","templated":true}]}}