{"id":428,"date":"2015-03-14T22:47:48","date_gmt":"2015-03-14T21:47:48","guid":{"rendered":"http:\/\/summercamp.cat\/?page_id=428"},"modified":"2015-04-09T22:15:48","modified_gmt":"2015-04-09T20:15:48","slug":"scg15","status":"publish","type":"page","link":"https:\/\/summercamp.cat\/en\/scg15\/","title":{"rendered":"SCG15"},"content":{"rendered":"<p>Otro a\u00f1o mas vuelve con fuerza una nueva edici\u00f3n del Summer Camp Garrotxa, por ello una vez mas queremos ofreceros distintos contenidos relacionados con el mundo de la administraci\u00f3n de sistemas, desarrollo, redes y el mundo DIY en un espacio completamente at\u00edpico, en un medio rural, rodeados de las delicias paisag\u00edsticas de la Garrotxa.<br \/>\nCada a\u00f1o tratamos que la experiencia sea inolvidable y distinta, y cada a\u00f1o es un nuevo experimento donde encontramos sinergias con distintos colectivos y entidades cercanas al territorio y siempre en un ambiente familiar. Hemos compartido espacio con la Volc\u00e1nica LAN Party, han colaborado con nosotros personas de la ecored de la Garrotxa, guifi-olot y la Greda, etc. Este a\u00f1o pues, compartimos espacio con otras jornadas, el SAX (Salud, Amor y Xarxa\/Red), las jornadas anuales del proyecto guifi.net, la red de telecomunicaciones abierta y creada por sus propios usuarios, mas grande del mundo.<br \/>\nEl objetivo es ampliar el tipo de contenidos y ayudar a tejer una red de contactos de personas con intereses comunes, dando pie a la retroalimentacion de los proyectos participantes, siempre desde la \u00f3ptica de compartir los conocimientos y experiencias.<\/p>\n<p>El SCG15 y el SAX2015 se realizar\u00e1n los dias 10, 11 y 12 de Julio en el Mas La Comademont en Batet de la Serra.<\/p>\n<p>Ten\u00e9is hasta el 21 de Junio para confirmar vuestra asistencia. Os recordamos la importancia de formalizar vuestro registro lo antes posible para poder tener una previsi\u00f3n de asistencia (tanto para el alojamiento como para las comidas). La casa dispone de una 50a de plazas, aunque como cada a\u00f1o tambien habr\u00e1 disponible una zona de acampada.<\/p>\n<p>Si quer\u00e9is presentar una charla en alguno de los eventos, poneros en contacto con Blackhold y\/o indicadlo al momento de formalizar el registro.<\/p>\n<p>&#8211; + Informaci\u00f3n: <a href=\"http:\/\/summercamp.cat\" target=\"_blank\">http:\/\/summercamp.cat<\/a><br \/>\n&#8211; Registro: <a href=\"http:\/\/summercamp.cat\/inscripcio-scg15\/\" target=\"_blank\">http:\/\/summercamp.cat\/inscripcio-scg15\/<\/a><\/p>\n<p># FECHA Y LUGAR<br \/>\nFecha: 10, 11 y 12 de Julio 2015<br \/>\nLugar: Mas La comademont &#8211; Batet de la Serra<br \/>\nCoordenadas: Mas la Comadamont, 1, 17810 Olot, Girona<br \/>\n<a href=\"https:\/\/goo.gl\/maps\/Ag2kW\" target=\"_blank\">https:\/\/goo.gl\/maps\/Ag2kW<\/a><\/p>","protected":false},"excerpt":{"rendered":"<p>Otro a\u00f1o mas vuelve con fuerza una nueva edici\u00f3n del Summer Camp Garrotxa, por ello una vez mas queremos ofreceros distintos contenidos relacionados con el mundo de la administraci\u00f3n de sistemas, desarrollo, redes y el mundo DIY en un espacio completamente at\u00edpico, en un medio rural, rodeados de las delicias paisag\u00edsticas de la Garrotxa. Cada [&hellip;]<\/p>\n","protected":false},"author":1,"featured_media":0,"parent":0,"menu_order":-6,"comment_status":"closed","ping_status":"closed","template":"","meta":{"jetpack_post_was_ever_published":false,"footnotes":""},"class_list":["post-428","page","type-page","status-publish","hentry"],"jetpack_shortlink":"https:\/\/wp.me\/P1ibDl-6U","jetpack_sharing_enabled":true,"_links":{"self":[{"href":"https:\/\/summercamp.cat\/en\/wp-json\/wp\/v2\/pages\/428","targetHints":{"allow":["GET"]}}],"collection":[{"href":"https:\/\/summercamp.cat\/en\/wp-json\/wp\/v2\/pages"}],"about":[{"href":"https:\/\/summercamp.cat\/en\/wp-json\/wp\/v2\/types\/page"}],"author":[{"embeddable":true,"href":"https:\/\/summercamp.cat\/en\/wp-json\/wp\/v2\/users\/1"}],"replies":[{"embeddable":true,"href":"https:\/\/summercamp.cat\/en\/wp-json\/wp\/v2\/comments?post=428"}],"version-history":[{"count":3,"href":"https:\/\/summercamp.cat\/en\/wp-json\/wp\/v2\/pages\/428\/revisions"}],"predecessor-version":[{"id":460,"href":"https:\/\/summercamp.cat\/en\/wp-json\/wp\/v2\/pages\/428\/revisions\/460"}],"wp:attachment":[{"href":"https:\/\/summercamp.cat\/en\/wp-json\/wp\/v2\/media?parent=428"}],"curies":[{"name":"wp","href":"https:\/\/api.w.org\/{rel}","templated":true}]}}