{"id":455,"date":"2015-04-09T21:29:07","date_gmt":"2015-04-09T19:29:07","guid":{"rendered":"http:\/\/summercamp.cat\/?page_id=455"},"modified":"2015-06-16T23:16:21","modified_gmt":"2015-06-16T21:16:21","slug":"xerrades-scg15","status":"publish","type":"page","link":"https:\/\/summercamp.cat\/en\/scg15\/xerrades-scg15\/","title":{"rendered":"Conferences SCG15"},"content":{"rendered":"<p>Se ir\u00e1 rellenando la parrilla de charlas a medida que se vayan presentando<\/p>\n<p># Viernes<br \/>\n&#8211; 19:00 &#8211; Presentaci\u00f3n<br \/>\n&#8211; 19:30 &#8211; Apertura SCG15 <strong>Merc\u00e8 Molist<\/strong> <a href=\"xerrades-scg15\/scg15-historia-dels-hackers-a-la-riba-esquerre-de-la-mediterrania\/\">Historia de los hackers en la ribera izquierda de la Mediterr\u00e1nea<\/a><br \/>\n&#8211; 21:00 &#8211; Sopar<br \/>\n&#8211; 22:30 &#8211; Actividad SCG15 <strong>Carles Gil<\/strong> <a href=\"xerrades-scg15\/scg15-400-anys-despres\/\">400 a\u00f1os despu\u00e9s<\/a><br \/>\n&#8211; 00:00 &#8211; Opening Party <\/p>\n<p># S\u00e1bado<br \/>\n&#8211; 10:00 &#8211; CGuifi1 <strong>Ramon Roca<\/strong> <a href=\"xerrades-scg15\/sax15-introduccio-a-guifi-net-i-com-funciona\/\">Introducci\u00f3n a Guifi.net y como funciona<\/a><br \/>\n&#8211; 11:30 &#8211; pausa<br \/>\n&#8211; 12:00 &#8211; CGuifi2 <strong>Lluis Dalmau<\/strong> <a href=\"xerrades-scg15\/sax15-compensacions-gestio-de-la-xarxa-com-a-be-comu-experiencies-i-resultats\/\">Compensaciones, gesti\u00f3n de la red como bien procom\u00fan. Experiencias y resultados<\/a><br \/>\n&#8211; 13:00 &#8211; CGuifi3 <strong>Roger Baig<\/strong> <a href=\"xerrades-scg15\/sax15-balanc-de-la-participacio-de-la-fundacio-en-projectes-europeus\/\">Balance de la participaci\u00f3n de la Fundaci\u00f3n en proyectos Europeos<\/a><br \/>\n&#8211; 14:00 &#8211; Comida >>>>>>>>><br \/>\n&#8211; 16:00 &#8211; CGuifi4 <strong>Angel Elena<\/strong> <a href=\"xerrades-scg15\/sax15-voip-a-guifi-net\/\">VoIP en guifi.net<\/a><br \/>\n&#8211; 17:00 &#8211; CGuifi5 <strong>Eloi Rebes<\/strong> <a href=\"xerrades-scg15\/sax15-canal-de-televisio-de-guifinet-gtv\/\">Canal de televisi\u00f3n de guifinet, gTV<\/a><br \/>\n&#8211; 18:00 &#8211; Pausa<br \/>\n&#8211; 18:30 &#8211; CGuifi6 <strong>Agust\u00ed Moll<\/strong> <a href=\"xerrades-scg15\/sax15-cloudy\/\">Cloudy<\/a><br \/>\n&#8211; 19:30 &#8211; FIN SAX<br \/>\n&#8211; 20:00 &#8211; Lightning Talks SCG (10 min)<br \/>\n&nbsp;&nbsp;&nbsp;&nbsp;&nbsp;&nbsp;&nbsp;&nbsp;&nbsp;&nbsp;&nbsp;&nbsp;&nbsp;&nbsp;&nbsp;&#8211; <strong>xsb<\/strong> &#8211; jq<br \/>\n&#8211; 21:00 &#8211; Cena >>>>>>>><br \/>\n&#8211; 22:30 &#8211; CSCG1 <strong>Gerardo Garc\u00eda &#038; Blackhold<\/strong> <a href=\"xerrades-scg15\/scg15-pandap\/\">PandAP<\/a><br \/>\n&#8211; 23:30 &#8211; CSCG2 <strong>Oriol Rius<\/strong> <a href=\"xerrades-scg15\/scg15-smarthome-usant-arduino-raspberry-i-mes\/\">SmartHome usando Arduino, Raspberry y m\u00e1s<\/a><br \/>\n&#8211; 00:30 &#8211; CSCG3 <strong>Adri\u00e0<\/strong> <a href=\"xerrades-scg15\/scg15-ansible-facilitant-les-migdiades-al-sysadmin-des-de-2012\/\">Ansible: facilitando las siestas a los systeadmin desde 2012<\/a><br \/>\n&#8211; 01:30 &#8211; CSCG4 <strong>ZUNbado<\/strong> <a href=\"xerrades-scg15\/scg15-lbmanager\/\">Lbmanager<\/a><br \/>\n&#8211; 02:30 &#8211; CSCG5 <strong>xsb<\/strong> <a href=\"xerrades-scg15\/scg15-docker-containers-conceptos-y-ejemplos\/\">Docker containers: conceptos y ejemplos<\/a><br \/>\n&#8211; 03:30 &#8211; CSCG6 <strong>IaM<\/strong> <a href=\"xerrades-scg15\/scg15-clickfraud-for-fun-and-profit\/\">ClickFraud for fun and profit<\/a><\/p>\n<p># Domingo<br \/>\n&#8211; 10:30 &#8211; CGuifi7 slot free<br \/>\n&#8211; 11:30 &#8211; Pausa<br \/>\n&#8211; 12:00 &#8211; CGuifi8 slot free<br \/>\n&#8211; 13:00 &#8211; CGuifi9 slot free<br \/>\n&#8211; 14:00 &#8211; Comida >>>>>>>>>>><\/p>\n<p># S\u00e1bado y Domingo<br \/>\n&#8211; [Certificaci\u00f3n] <strong>Jorge Castellet<\/strong> <a href=\"sax15-certificacio-mtcna-mikrotik-certified-network-associate\/\">MTCNA \u2013 MikroTik Certified Network Associate<\/a><\/p>","protected":false},"excerpt":{"rendered":"<p>Se ir\u00e1 rellenando la parrilla de charlas a medida que se vayan presentando # Viernes &#8211; 19:00 &#8211; Presentaci\u00f3n &#8211; 19:30 &#8211; Apertura SCG15 Merc\u00e8 Molist Historia de los hackers en la ribera izquierda de la Mediterr\u00e1nea &#8211; 21:00 &#8211; Sopar &#8211; 22:30 &#8211; Actividad SCG15 Carles Gil 400 a\u00f1os despu\u00e9s &#8211; 00:00 &#8211; Opening [&hellip;]<\/p>\n","protected":false},"author":1,"featured_media":0,"parent":428,"menu_order":0,"comment_status":"closed","ping_status":"closed","template":"","meta":{"jetpack_post_was_ever_published":false,"footnotes":""},"class_list":["post-455","page","type-page","status-publish","hentry"],"jetpack_shortlink":"https:\/\/wp.me\/P1ibDl-7l","jetpack_sharing_enabled":true,"_links":{"self":[{"href":"https:\/\/summercamp.cat\/en\/wp-json\/wp\/v2\/pages\/455","targetHints":{"allow":["GET"]}}],"collection":[{"href":"https:\/\/summercamp.cat\/en\/wp-json\/wp\/v2\/pages"}],"about":[{"href":"https:\/\/summercamp.cat\/en\/wp-json\/wp\/v2\/types\/page"}],"author":[{"embeddable":true,"href":"https:\/\/summercamp.cat\/en\/wp-json\/wp\/v2\/users\/1"}],"replies":[{"embeddable":true,"href":"https:\/\/summercamp.cat\/en\/wp-json\/wp\/v2\/comments?post=455"}],"version-history":[{"count":22,"href":"https:\/\/summercamp.cat\/en\/wp-json\/wp\/v2\/pages\/455\/revisions"}],"predecessor-version":[{"id":554,"href":"https:\/\/summercamp.cat\/en\/wp-json\/wp\/v2\/pages\/455\/revisions\/554"}],"up":[{"embeddable":true,"href":"https:\/\/summercamp.cat\/en\/wp-json\/wp\/v2\/pages\/428"}],"wp:attachment":[{"href":"https:\/\/summercamp.cat\/en\/wp-json\/wp\/v2\/media?parent=455"}],"curies":[{"name":"wp","href":"https:\/\/api.w.org\/{rel}","templated":true}]}}