{"id":472,"date":"2015-05-11T08:29:45","date_gmt":"2015-05-11T06:29:45","guid":{"rendered":"http:\/\/summercamp.cat\/?page_id=472"},"modified":"2015-06-07T22:16:16","modified_gmt":"2015-06-07T20:16:16","slug":"sax15-voip-a-guifi-net","status":"publish","type":"page","link":"https:\/\/summercamp.cat\/en\/scg15\/xerrades-scg15\/sax15-voip-a-guifi-net\/","title":{"rendered":"SAX15 &#8211; VoIP en Guifi.net"},"content":{"rendered":"<p><strong>T\u00edtulo:<\/strong> VoIP en Guifi.net<\/p>\n<p><strong>Ponente:<\/strong> Angel Elena<\/p>\n<p><strong>Evento:<\/strong> SAX 2015<\/p>\n<p><strong>Descripci\u00f3n:<\/strong><br \/>\nExplicar la voIP profesional dentro y fuera de guifi y las ventajas de hacerlo en procom\u00fan, a parte de montar un sistema como un profesional.<\/p>","protected":false},"excerpt":{"rendered":"<p>T\u00edtulo: VoIP en Guifi.net Ponente: Angel Elena Evento: SAX 2015 Descripci\u00f3n: Explicar la voIP profesional dentro y fuera de guifi y las ventajas de hacerlo en procom\u00fan, a parte de montar un sistema como un profesional.<\/p>\n","protected":false},"author":1,"featured_media":0,"parent":455,"menu_order":3,"comment_status":"closed","ping_status":"closed","template":"","meta":{"jetpack_post_was_ever_published":false,"footnotes":""},"class_list":["post-472","page","type-page","status-publish","hentry"],"jetpack_shortlink":"https:\/\/wp.me\/P1ibDl-7C","jetpack_sharing_enabled":true,"_links":{"self":[{"href":"https:\/\/summercamp.cat\/en\/wp-json\/wp\/v2\/pages\/472","targetHints":{"allow":["GET"]}}],"collection":[{"href":"https:\/\/summercamp.cat\/en\/wp-json\/wp\/v2\/pages"}],"about":[{"href":"https:\/\/summercamp.cat\/en\/wp-json\/wp\/v2\/types\/page"}],"author":[{"embeddable":true,"href":"https:\/\/summercamp.cat\/en\/wp-json\/wp\/v2\/users\/1"}],"replies":[{"embeddable":true,"href":"https:\/\/summercamp.cat\/en\/wp-json\/wp\/v2\/comments?post=472"}],"version-history":[{"count":4,"href":"https:\/\/summercamp.cat\/en\/wp-json\/wp\/v2\/pages\/472\/revisions"}],"predecessor-version":[{"id":498,"href":"https:\/\/summercamp.cat\/en\/wp-json\/wp\/v2\/pages\/472\/revisions\/498"}],"up":[{"embeddable":true,"href":"https:\/\/summercamp.cat\/en\/wp-json\/wp\/v2\/pages\/455"}],"wp:attachment":[{"href":"https:\/\/summercamp.cat\/en\/wp-json\/wp\/v2\/media?parent=472"}],"curies":[{"name":"wp","href":"https:\/\/api.w.org\/{rel}","templated":true}]}}