{"id":490,"date":"2015-05-12T19:19:53","date_gmt":"2015-05-12T17:19:53","guid":{"rendered":"http:\/\/summercamp.cat\/?page_id=490"},"modified":"2015-06-14T17:07:37","modified_gmt":"2015-06-14T15:07:37","slug":"scg15-docker-containers-conceptos-y-ejemplos","status":"publish","type":"page","link":"https:\/\/summercamp.cat\/en\/scg15\/xerrades-scg15\/scg15-docker-containers-conceptos-y-ejemplos\/","title":{"rendered":"SCG15 &#8211; Docker containers: conceptos y ejemplos"},"content":{"rendered":"<p><strong>T\u00edtulo:<\/strong> Docker containers: conceptos y ejemplos<\/p>\n<p><strong>Ponente:<\/strong> Xavi S.B.<\/p>\n<p><strong>Evento:<\/strong> SCG 2015<\/p>\n<p><strong>Descripci\u00f3n:<\/strong><br \/>\nDocker es una herramienta que permite construir, distribuir y ejecutar aplicaciones dentro de contenedores que incluyen todas sus dependencias necesarias. Los contenedores se ejecutan aislados unos de otros y permiten limitar recursos, conectarse unos a otros por red o, si es necesario, ser reemplazados r\u00e1pidamente. Aunque los contenedores no son una tecnolog\u00eda nueva, Docker la ha puesto de moda y en esta charla se intenta explicar qu\u00e9 aporta Docker de nuevo y se describen con ejemplos pr\u00e1cticos todos sus conceptos t\u00e9cnicos importantes: ejecuci\u00f3n, construcci\u00f3n, transporte y almacenaje de contenedores, inmutabilidad, versionado, formato de imagen, etc.<\/p>","protected":false},"excerpt":{"rendered":"<p>T\u00edtulo: Docker containers: conceptos y ejemplos Ponente: Xavi S.B. Evento: SCG 2015 Descripci\u00f3n: Docker es una herramienta que permite construir, distribuir y ejecutar aplicaciones dentro de contenedores que incluyen todas sus dependencias necesarias. Los contenedores se ejecutan aislados unos de otros y permiten limitar recursos, conectarse unos a otros por red o, si es necesario, [&hellip;]<\/p>\n","protected":false},"author":1,"featured_media":0,"parent":455,"menu_order":1,"comment_status":"closed","ping_status":"closed","template":"","meta":{"jetpack_post_was_ever_published":false,"footnotes":""},"class_list":["post-490","page","type-page","status-publish","hentry"],"jetpack_shortlink":"https:\/\/wp.me\/P1ibDl-7U","jetpack_sharing_enabled":true,"_links":{"self":[{"href":"https:\/\/summercamp.cat\/en\/wp-json\/wp\/v2\/pages\/490","targetHints":{"allow":["GET"]}}],"collection":[{"href":"https:\/\/summercamp.cat\/en\/wp-json\/wp\/v2\/pages"}],"about":[{"href":"https:\/\/summercamp.cat\/en\/wp-json\/wp\/v2\/types\/page"}],"author":[{"embeddable":true,"href":"https:\/\/summercamp.cat\/en\/wp-json\/wp\/v2\/users\/1"}],"replies":[{"embeddable":true,"href":"https:\/\/summercamp.cat\/en\/wp-json\/wp\/v2\/comments?post=490"}],"version-history":[{"count":5,"href":"https:\/\/summercamp.cat\/en\/wp-json\/wp\/v2\/pages\/490\/revisions"}],"predecessor-version":[{"id":542,"href":"https:\/\/summercamp.cat\/en\/wp-json\/wp\/v2\/pages\/490\/revisions\/542"}],"up":[{"embeddable":true,"href":"https:\/\/summercamp.cat\/en\/wp-json\/wp\/v2\/pages\/455"}],"wp:attachment":[{"href":"https:\/\/summercamp.cat\/en\/wp-json\/wp\/v2\/media?parent=490"}],"curies":[{"name":"wp","href":"https:\/\/api.w.org\/{rel}","templated":true}]}}