{"id":518,"date":"2015-06-08T00:54:06","date_gmt":"2015-06-07T22:54:06","guid":{"rendered":"http:\/\/summercamp.cat\/?page_id=518"},"modified":"2015-06-08T00:57:11","modified_gmt":"2015-06-07T22:57:11","slug":"sax15-compensacions-gestio-de-la-xarxa-com-a-be-comu-experiencies-i-resultats","status":"publish","type":"page","link":"https:\/\/summercamp.cat\/en\/scg15\/xerrades-scg15\/sax15-compensacions-gestio-de-la-xarxa-com-a-be-comu-experiencies-i-resultats\/","title":{"rendered":"SAX15 &#8211; Compensaciones, gesti\u00f3n de la red como bien procom\u00fan"},"content":{"rendered":"<p><strong>T\u00edtulo:<\/strong> Compensaciones, gesti\u00f3n de la red como bien procom\u00fan. Experiencias y resultados<\/p>\n<p><strong>Ponente:<\/strong> Lluis Dalmau<\/p>\n<p><strong>Evento:<\/strong> SAX 2015<\/p>\n<p><strong>Descripci\u00f3n:<\/strong><br \/>\nPresentaci\u00f3n de experiencias y resultados a partir de la aplicaci\u00f3n de las compensaciones aplicas a distintas zonas de guifi.net como a comunidades que comparten la red de telecomunicaciones como un bien procom\u00fan gestionada de forma colectiva, siendo la gesti\u00f3n de aquello procom\u00fan, la red, un modelo alternativo de organizaci\u00f3n, producci\u00f3n y consumo.<\/p>","protected":false},"excerpt":{"rendered":"<p>T\u00edtulo: Compensaciones, gesti\u00f3n de la red como bien procom\u00fan. Experiencias y resultados Ponente: Lluis Dalmau Evento: SAX 2015 Descripci\u00f3n: Presentaci\u00f3n de experiencias y resultados a partir de la aplicaci\u00f3n de las compensaciones aplicas a distintas zonas de guifi.net como a comunidades que comparten la red de telecomunicaciones como un bien procom\u00fan gestionada de forma colectiva, [&hellip;]<\/p>\n","protected":false},"author":1,"featured_media":0,"parent":455,"menu_order":3,"comment_status":"closed","ping_status":"closed","template":"","meta":{"footnotes":""},"class_list":["post-518","page","type-page","status-publish","hentry"],"jetpack_shortlink":"https:\/\/wp.me\/P1ibDl-8m","jetpack_sharing_enabled":true,"_links":{"self":[{"href":"https:\/\/summercamp.cat\/en\/wp-json\/wp\/v2\/pages\/518","targetHints":{"allow":["GET"]}}],"collection":[{"href":"https:\/\/summercamp.cat\/en\/wp-json\/wp\/v2\/pages"}],"about":[{"href":"https:\/\/summercamp.cat\/en\/wp-json\/wp\/v2\/types\/page"}],"author":[{"embeddable":true,"href":"https:\/\/summercamp.cat\/en\/wp-json\/wp\/v2\/users\/1"}],"replies":[{"embeddable":true,"href":"https:\/\/summercamp.cat\/en\/wp-json\/wp\/v2\/comments?post=518"}],"version-history":[{"count":1,"href":"https:\/\/summercamp.cat\/en\/wp-json\/wp\/v2\/pages\/518\/revisions"}],"predecessor-version":[{"id":519,"href":"https:\/\/summercamp.cat\/en\/wp-json\/wp\/v2\/pages\/518\/revisions\/519"}],"up":[{"embeddable":true,"href":"https:\/\/summercamp.cat\/en\/wp-json\/wp\/v2\/pages\/455"}],"wp:attachment":[{"href":"https:\/\/summercamp.cat\/en\/wp-json\/wp\/v2\/media?parent=518"}],"curies":[{"name":"wp","href":"https:\/\/api.w.org\/{rel}","templated":true}]}}