{"id":529,"date":"2015-06-12T01:39:49","date_gmt":"2015-06-11T23:39:49","guid":{"rendered":"http:\/\/summercamp.cat\/?page_id=529"},"modified":"2015-06-13T14:20:44","modified_gmt":"2015-06-13T12:20:44","slug":"sax15-cloudy","status":"publish","type":"page","link":"https:\/\/summercamp.cat\/en\/scg15\/xerrades-scg15\/sax15-cloudy\/","title":{"rendered":"SAX15 &#8211; Cloudy"},"content":{"rendered":"<p><strong>T\u00edtulo:<\/strong> Cloudy<\/p>\n<p><strong>Ponente:<\/strong> Agust\u00ed Moll, Roger Pueyo<\/p>\n<p><strong>Evento:<\/strong> SAX 2015<\/p>\n<p><strong>Descripci\u00f3n:<\/strong><br \/>\n<a href=\"http:\/\/cloudy.community\/\" target=\"_blank\">Cloudy<\/a> es una distribuci\u00f3n creada para facilitar a los usuarios el despliegue, el uso y la expansi\u00f3n de los servicios de la nube en el contexto de la red del procom\u00fan, en forma de nubes comunitarias (en ingl\u00e9s, Community Clouds). Una de sus caracteristas principales es la interfaz web que permite instalar y administrar servicios (incluidos los habituales de Guifi.net), anunciarlos autom\u00e1ticamente a la red y descubrir de nuevos disponibles en otros nodos. Durante la charla conoceremos como est\u00e1 hecho Cloudy, alguno de los servicios que se incluyen y otras caracter\u00edsticas, como el proceso automatizado para vincular dispositivos Cloudy con la web de Guifi.net<\/p>","protected":false},"excerpt":{"rendered":"<p>T\u00edtulo: Cloudy Ponente: Agust\u00ed Moll, Roger Pueyo Evento: SAX 2015 Descripci\u00f3n: Cloudy es una distribuci\u00f3n creada para facilitar a los usuarios el despliegue, el uso y la expansi\u00f3n de los servicios de la nube en el contexto de la red del procom\u00fan, en forma de nubes comunitarias (en ingl\u00e9s, Community Clouds). Una de sus caracteristas [&hellip;]<\/p>\n","protected":false},"author":1,"featured_media":0,"parent":455,"menu_order":3,"comment_status":"closed","ping_status":"closed","template":"","meta":{"jetpack_post_was_ever_published":false,"footnotes":""},"class_list":["post-529","page","type-page","status-publish","hentry"],"jetpack_shortlink":"https:\/\/wp.me\/P1ibDl-8x","jetpack_sharing_enabled":true,"_links":{"self":[{"href":"https:\/\/summercamp.cat\/en\/wp-json\/wp\/v2\/pages\/529","targetHints":{"allow":["GET"]}}],"collection":[{"href":"https:\/\/summercamp.cat\/en\/wp-json\/wp\/v2\/pages"}],"about":[{"href":"https:\/\/summercamp.cat\/en\/wp-json\/wp\/v2\/types\/page"}],"author":[{"embeddable":true,"href":"https:\/\/summercamp.cat\/en\/wp-json\/wp\/v2\/users\/1"}],"replies":[{"embeddable":true,"href":"https:\/\/summercamp.cat\/en\/wp-json\/wp\/v2\/comments?post=529"}],"version-history":[{"count":2,"href":"https:\/\/summercamp.cat\/en\/wp-json\/wp\/v2\/pages\/529\/revisions"}],"predecessor-version":[{"id":533,"href":"https:\/\/summercamp.cat\/en\/wp-json\/wp\/v2\/pages\/529\/revisions\/533"}],"up":[{"embeddable":true,"href":"https:\/\/summercamp.cat\/en\/wp-json\/wp\/v2\/pages\/455"}],"wp:attachment":[{"href":"https:\/\/summercamp.cat\/en\/wp-json\/wp\/v2\/media?parent=529"}],"curies":[{"name":"wp","href":"https:\/\/api.w.org\/{rel}","templated":true}]}}