{"id":549,"date":"2015-06-16T20:02:25","date_gmt":"2015-06-16T18:02:25","guid":{"rendered":"http:\/\/summercamp.cat\/?page_id=549"},"modified":"2015-06-16T23:15:50","modified_gmt":"2015-06-16T21:15:50","slug":"scg15-clickfraud-for-fun-and-profit","status":"publish","type":"page","link":"https:\/\/summercamp.cat\/en\/scg15\/xerrades-scg15\/scg15-clickfraud-for-fun-and-profit\/","title":{"rendered":"SCG15 &#8211; ClickFraud for fun and profit"},"content":{"rendered":"<p><strong>T\u00edtulo:<\/strong> ClickFraud for fun and profit<\/p>\n<p><strong>Ponente:<\/strong> IaM<\/p>\n<p><strong>Evento:<\/strong> SCG 2015<\/p>\n<p><strong>Descripci\u00f3n:<\/strong><br \/>\n Explicar\u00e9 como funciona el marketing por internet y t\u00e9cnicas avanzadas e indetectables de fraude por click para generar ingresos extra. Adem\u00e1s de todo esto, explicar\u00e9 como consegu\u00ed generar m\u00e1s de 2 millones de visitas para mi p\u00e1gina web sin posicionar mi p\u00e1gina en Google y que software\/hardware se necesita para mantener toda la infraestructura en pie sin que se caiga.<\/p>\n","protected":false},"excerpt":{"rendered":"<p>T\u00edtulo: ClickFraud for fun and profit Ponente: IaM Evento: SCG 2015 Descripci\u00f3n: Explicar\u00e9 como funciona el marketing por internet y t\u00e9cnicas avanzadas e indetectables de fraude por click para generar ingresos extra. Adem\u00e1s de todo esto, explicar\u00e9 como consegu\u00ed generar m\u00e1s de 2 millones de visitas para mi p\u00e1gina web sin posicionar mi p\u00e1gina en [&hellip;]<\/p>\n","protected":false},"author":1,"featured_media":0,"parent":455,"menu_order":1,"comment_status":"closed","ping_status":"closed","template":"","meta":{"jetpack_post_was_ever_published":false,"footnotes":""},"class_list":["post-549","page","type-page","status-publish","hentry"],"jetpack_shortlink":"https:\/\/wp.me\/P1ibDl-8R","jetpack_sharing_enabled":true,"_links":{"self":[{"href":"https:\/\/summercamp.cat\/en\/wp-json\/wp\/v2\/pages\/549","targetHints":{"allow":["GET"]}}],"collection":[{"href":"https:\/\/summercamp.cat\/en\/wp-json\/wp\/v2\/pages"}],"about":[{"href":"https:\/\/summercamp.cat\/en\/wp-json\/wp\/v2\/types\/page"}],"author":[{"embeddable":true,"href":"https:\/\/summercamp.cat\/en\/wp-json\/wp\/v2\/users\/1"}],"replies":[{"embeddable":true,"href":"https:\/\/summercamp.cat\/en\/wp-json\/wp\/v2\/comments?post=549"}],"version-history":[{"count":2,"href":"https:\/\/summercamp.cat\/en\/wp-json\/wp\/v2\/pages\/549\/revisions"}],"predecessor-version":[{"id":553,"href":"https:\/\/summercamp.cat\/en\/wp-json\/wp\/v2\/pages\/549\/revisions\/553"}],"up":[{"embeddable":true,"href":"https:\/\/summercamp.cat\/en\/wp-json\/wp\/v2\/pages\/455"}],"wp:attachment":[{"href":"https:\/\/summercamp.cat\/en\/wp-json\/wp\/v2\/media?parent=549"}],"curies":[{"name":"wp","href":"https:\/\/api.w.org\/{rel}","templated":true}]}}