{"id":591,"date":"2016-10-01T13:16:32","date_gmt":"2016-10-01T11:16:32","guid":{"rendered":"https:\/\/summercamp.cat\/?page_id=591"},"modified":"2017-02-21T15:05:19","modified_gmt":"2017-02-21T14:05:19","slug":"call4papers-scg17","status":"publish","type":"page","link":"https:\/\/summercamp.cat\/en\/scg17\/call4papers-scg17\/","title":{"rendered":"Call4papers SCG17"},"content":{"rendered":"<p><\/p>\n<div id=\"magicdomid2415\" class=\"ace-line\">\n<div id=\"magicdomid2415\" class=\"ace-line\">\n<div id=\"magicdomid2415\" class=\"ace-line\"><span class=\"author-a-jp56z67zz84zo9z73zh9z122zqsdz70z\">Venga va, me pongo ya de una pu\u00f1etera vez que lo voy retrasando y va a tocar correr como siempre!. No voy a pretender hacer nada \u00e9pico ni filos\u00f3fico, adem\u00e1s entre llamadas y curro no hay quien se concentre&#8230; bueno&#8230; la siesta que me acabo de pegar&#8230; uhm&#8230;.<\/span><\/div>\n<div id=\"magicdomid456\" class=\"ace-line\"><\/div>\n<div id=\"magicdomid2453\" class=\"ace-line\"><span class=\"author-a-jp56z67zz84zo9z73zh9z122zqsdz70z\">Vamos al l\u00edo pues&#8230; \u00e9ste a\u00f1o toca de nuevo Summer Camp Garrotxa, \u00e9ste evento que ahora se hace bianualmente y que se lleva haciendo desde el 2008 ah\u00ed en medio de un agujero rodeado de volcanes (no sufr\u00e1is que est\u00e1n apagados y seg\u00fan dicen los ge\u00f3logos a\u00fan quedan unos cuantos a\u00f1itos para que vuelvan a dar la brasa). Naturaleza, ordenadores, veranito, blah blah blah&#8230;<\/span><\/div>\n<div id=\"magicdomid758\" class=\"ace-line\"><\/div>\n<div id=\"magicdomid2862\" class=\"ace-line\"><span class=\"author-a-jp56z67zz84zo9z73zh9z122zqsdz70z\">\u00c9ste a\u00f1o es ya la septima edici\u00f3n y cada vez lo hemos hecho en distintas ubicaciones, algunos a\u00f1os han sido mas precarias y otras mas dignas. As\u00ed que \u00e9ste a\u00f1o repetimos en una de las mas dignas, la de la \u00faltima vez en 2015 en el Mas la Coma de Mont en Batet de la Serra (Olot), una casa de colonias con una magn\u00edfica sala de charlas muy tribal :)<\/span><\/div>\n<div id=\"magicdomid1075\" class=\"ace-line\"><\/div>\n<div id=\"magicdomid2481\" class=\"ace-line\"><span class=\"author-a-jp56z67zz84zo9z73zh9z122zqsdz70z\">Las fechas van a ser el fin de semana antes de San Juan, ergo, 16, 17 y 18 de Junio. El motivo de hacerlo en Junio es que me pajar\u00e9e al pedir las fechas, lo hice demasiado tarde y \u00e9stas eran las \u00fanicas fechas mas o menos dignas que quedaban disponibles. De \u00e9sta forma todos aquellos que hu\u00eds del pa\u00eds los meses de Julio y Agosto no tendr\u00e9is excusa para no venir \u00e9sta vez.<\/span><\/div>\n<div id=\"magicdomid1376\" class=\"ace-line\"><\/div>\n<div id=\"magicdomid2489\" class=\"ace-line\"><span class=\"author-a-jp56z67zz84zo9z73zh9z122zqsdz70z\">El Summer Camp Garrotxa es un evento que pretende desarrollarse en un entorno familiar, por esto el n\u00famero m\u00e1ximo de asistentes va a ser de 80 y quien no se apunte y est\u00e9 el aforo completo queda fuera.<\/span><\/div>\n<div id=\"magicdomid1542\" class=\"ace-line\"><\/div>\n<div id=\"magicdomid2910\" class=\"ace-line\"><span class=\"author-a-jp56z67zz84zo9z73zh9z122zqsdz70z\">El t\u00edtulo o asunto de \u00e9ste mensaje (depende de por donde te llegue \u00e9sta obra literaria de texto), pretende adem\u00e1s de hacer una primera difusi\u00f3n, buscar a personas que nos quieran deleitar\/dar la brasa con sus frikadas, trabajos o lo que sea. Las charlas van a ser en castellano. El requisito como cada a\u00f1o es que \u00e9stas permitan a los asistentes aprender de qu\u00e9 va la cosa, charlas de \u00e9stas para ver quien la tiene mas larga o es mas flipado que nadie son para otro tipo de eventos los cuales no les voy a hacer publicidad y tienen sponsors que les pagan las cosas, aqu\u00ed somos mas hippis que nadie, alquilamos una casa y repartimos los gastos entre los asistentes y organizadores. Inicialmente los ponentes no cobran por las charlas, pero si se les agradece su asistencia de alguna friki-forma y\/o l\u00f3gico-forma.<\/span><\/div>\n<div id=\"magicdomid1955\" class=\"ace-line\"><\/div>\n<div id=\"magicdomid2872\" class=\"ace-line\"><span class=\"author-a-jp56z67zz84zo9z73zh9z122zqsdz70z\">En los pr\u00f3ximos d\u00edas voy a rehacer la web (o si no encuentro un tema que me satisfaga la dejar\u00e9 tal cual) e ir\u00e9 poniendo las charlas que se van ofreciendo. El resto de informaci\u00f3n, como ubicaci\u00f3n, como llegar y dem\u00e1s es la misma que la del a\u00f1o 2015.<\/span><\/div>\n<div id=\"magicdomid2366\" class=\"ace-line\"><\/div>\n<div id=\"magicdomid2731\" class=\"ace-line\"><span class=\"author-a-jp56z67zz84zo9z73zh9z122zqsdz70z\">Pues nada mas a decir&#8230; como cada a\u00f1o&#8230; nos vemos en el campo!<\/span><\/div>\n<div id=\"magicdomid2733\" class=\"ace-line\"><\/div>\n<div id=\"magicdomid2751\" class=\"ace-line\"><center><span class=\"author-a-jp56z67zz84zo9z73zh9z122zqsdz70z\">[SE]VEN<\/span><\/center><\/div>\n<div id=\"magicdomid2753\" class=\"ace-line\"><center><span class=\"author-a-jp56z67zz84zo9z73zh9z122zqsdz70z\">SCG\u00b717<\/span><\/center><\/div>\n<\/div>\n<\/div>\n<p>Contacto: blackhold [at] lamardebits.org<\/p>","protected":false},"excerpt":{"rendered":"<p>Venga va, me pongo ya de una pu\u00f1etera vez que lo voy retrasando y va a tocar correr como siempre!. No voy a pretender hacer nada \u00e9pico ni filos\u00f3fico, adem\u00e1s entre llamadas y curro no hay quien se concentre&#8230; bueno&#8230; la siesta que me acabo de pegar&#8230; uhm&#8230;. Vamos al l\u00edo pues&#8230; \u00e9ste a\u00f1o toca [&hellip;]<\/p>\n","protected":false},"author":1,"featured_media":0,"parent":581,"menu_order":0,"comment_status":"closed","ping_status":"closed","template":"","meta":{"jetpack_post_was_ever_published":false,"footnotes":""},"class_list":["post-591","page","type-page","status-publish","hentry"],"jetpack_shortlink":"https:\/\/wp.me\/P1ibDl-9x","jetpack_sharing_enabled":true,"_links":{"self":[{"href":"https:\/\/summercamp.cat\/en\/wp-json\/wp\/v2\/pages\/591","targetHints":{"allow":["GET"]}}],"collection":[{"href":"https:\/\/summercamp.cat\/en\/wp-json\/wp\/v2\/pages"}],"about":[{"href":"https:\/\/summercamp.cat\/en\/wp-json\/wp\/v2\/types\/page"}],"author":[{"embeddable":true,"href":"https:\/\/summercamp.cat\/en\/wp-json\/wp\/v2\/users\/1"}],"replies":[{"embeddable":true,"href":"https:\/\/summercamp.cat\/en\/wp-json\/wp\/v2\/comments?post=591"}],"version-history":[{"count":5,"href":"https:\/\/summercamp.cat\/en\/wp-json\/wp\/v2\/pages\/591\/revisions"}],"predecessor-version":[{"id":636,"href":"https:\/\/summercamp.cat\/en\/wp-json\/wp\/v2\/pages\/591\/revisions\/636"}],"up":[{"embeddable":true,"href":"https:\/\/summercamp.cat\/en\/wp-json\/wp\/v2\/pages\/581"}],"wp:attachment":[{"href":"https:\/\/summercamp.cat\/en\/wp-json\/wp\/v2\/media?parent=591"}],"curies":[{"name":"wp","href":"https:\/\/api.w.org\/{rel}","templated":true}]}}