{"id":2,"date":"2010-10-25T22:32:31","date_gmt":"2010-10-25T20:32:31","guid":{"rendered":"http:\/\/marsupi.org\/summercamp\/?page_id=2"},"modified":"2015-03-15T00:16:43","modified_gmt":"2015-03-14T23:16:43","slug":"scg11","status":"publish","type":"page","link":"https:\/\/summercamp.cat\/es\/scg11\/","title":{"rendered":"SCG11"},"content":{"rendered":"<p><a href=\"http:\/\/summercamp.cat\/files\/2010\/10\/logo20112.png\"><img loading=\"lazy\" decoding=\"async\" class=\"alignnone size-full wp-image-57\" title=\"logo2011\" src=\"http:\/\/summercamp.cat\/files\/2010\/10\/logo20112.png\" alt=\"\" width=\"100\" height=\"89\" \/><\/a><\/p>\n<p>4 a\u00f1os nos han dado muchas experiencias, y en esta pr\u00f3xima edici\u00f3n queremos volver a ofrecer la escencia que a\u00f1o tras a\u00f1o hemos ofrecido a nuestros participantes.<\/p>\n<p>con el tiempo hemos visto que el summercamp van un poco m\u00e1s all\u00e1 de unas jornadas t\u00e9cnicas, convirti\u00e9ndose en un punto de encuentro de personas distantes en el espacio pero no en el cyberespacio, esto ha permitido reanudar viejos proyectos o abrir otros de nuevos, como la creaci\u00f3n de nuevos espacios de hacking en nuestra comarca.<\/p>\n<p>en ediciones anteriores hemos tenido celebridades de varios colectivos como el caos computers club de alemania, partido pirata sueco y catal\u00e1n, guifi.net poco a poco de cualquier parte, hacklabs a nivel nacional, estatal y italianos, colectivos y asociaciones de la provincia y la comarca, etc.<\/p>\n<p>las ubicaciones de los summercamp siempre buscant un sitio tranquilo volteado de vegetaci\u00f3n, lejos de las grandes civilizaciones, gracias a esto, se crea un ambiente familiar entre los distintos asistentes, al mismo momento que se puede percibir la curiosa mezcla entre natural y tecnol\u00f3gico.<\/p>\n<p>durante 3 d\u00edas ofrecemos actividades y charlas a un p\u00fablico entusiasta, ya iniciado en el mundo de las nuevas tecnolog\u00edas y con una mentalidad abierta al trabajo colaborativo.<\/p>\n<p>ven con tu tienda de acampada y tu ordenador.<\/p>\n<\/div>\n<p><\/p>","protected":false},"excerpt":{"rendered":"<p>4 a\u00f1os nos han dado muchas experiencias, y en esta pr\u00f3xima edici\u00f3n queremos volver a ofrecer la escencia que a\u00f1o tras a\u00f1o hemos ofrecido a nuestros participantes. con el tiempo hemos visto que el summercamp van un poco m\u00e1s all\u00e1 de unas jornadas t\u00e9cnicas, convirti\u00e9ndose en un punto de encuentro de personas distantes en el [&hellip;]<\/p>\n","protected":false},"author":1,"featured_media":0,"parent":0,"menu_order":-4,"comment_status":"closed","ping_status":"closed","template":"","meta":{"jetpack_post_was_ever_published":false,"footnotes":""},"class_list":["post-2","page","type-page","status-publish","hentry"],"jetpack_shortlink":"https:\/\/wp.me\/P1ibDl-2","jetpack_sharing_enabled":true,"_links":{"self":[{"href":"https:\/\/summercamp.cat\/es\/wp-json\/wp\/v2\/pages\/2","targetHints":{"allow":["GET"]}}],"collection":[{"href":"https:\/\/summercamp.cat\/es\/wp-json\/wp\/v2\/pages"}],"about":[{"href":"https:\/\/summercamp.cat\/es\/wp-json\/wp\/v2\/types\/page"}],"author":[{"embeddable":true,"href":"https:\/\/summercamp.cat\/es\/wp-json\/wp\/v2\/users\/1"}],"replies":[{"embeddable":true,"href":"https:\/\/summercamp.cat\/es\/wp-json\/wp\/v2\/comments?post=2"}],"version-history":[{"count":8,"href":"https:\/\/summercamp.cat\/es\/wp-json\/wp\/v2\/pages\/2\/revisions"}],"predecessor-version":[{"id":77,"href":"https:\/\/summercamp.cat\/es\/wp-json\/wp\/v2\/pages\/2\/revisions\/77"}],"wp:attachment":[{"href":"https:\/\/summercamp.cat\/es\/wp-json\/wp\/v2\/media?parent=2"}],"curies":[{"name":"wp","href":"https:\/\/api.w.org\/{rel}","templated":true}]}}