{"id":231,"date":"2013-05-20T01:28:20","date_gmt":"2013-05-19T23:28:20","guid":{"rendered":"http:\/\/summercamp.cat\/?page_id=231"},"modified":"2016-10-01T13:04:42","modified_gmt":"2016-10-01T11:04:42","slug":"xerrades-scg13","status":"publish","type":"page","link":"https:\/\/summercamp.cat\/es\/scg13\/xerrades-scg13\/","title":{"rendered":"Charlas SCG13"},"content":{"rendered":"<p># Friday<br \/>\nactividades en la carpa<br \/>\n19:00 &#8211; <strong>Presentaci\u00f3n SCG13<\/strong><strong><br \/>\n19:30 &#8211; <strong>opening talk:<\/strong> [Josep Jover] el hackerismo, una hist\u00f3ria de \u00e9xito[<a href=\"http:\/\/summercamp.cat\/wp-content\/blogs.dir\/12\/files\/sites\/4\/2013\/05\/jjover_scg13.odp\">file1<\/a>][<a href=\"http:\/\/summercamp.cat\/wp-content\/blogs.dir\/12\/files\/sites\/4\/2013\/05\/jjover_scg13.odt\">file2<\/a>]<br \/>\n21:00 &#8211; Cena<br \/>\n22:30 &#8211; <strong>Lightning talks<\/strong><br \/>\n&#8211; Al: batman advence [<a href=\"http:\/\/summercamp.cat\/wp-content\/blogs.dir\/12\/files\/sites\/4\/2013\/05\/al_batman-adv.odp\">file<\/a>]<br \/>\n&#8211; Jaume: hs-garrotxa<br \/>\n02:00 &#8211; End lightning talks<\/p>\n<p># Saturday<br \/>\ntalks 1h &#8211; 30&#8242; delay<br \/>\n09:00 >> Desayuno<br \/>\n10:00 &#8211; <strong>talk1:<\/strong><br \/>\n11:30 &#8211; <strong>talk2:<\/strong> [dabidmp] nuevos modelos de comunicaci\u00f3n para los movimientos sociales<br \/>\n13:00 &#8211; <strong>talk3:<\/strong> [lluis batlle] inform\u00e1tica segura (Secushare, gnunet, psycd, freenet, crypto actual, &#8230;)<br \/>\n14:00 &#8212;&#8212;&#8212;&#8211; end talks<br \/>\n14:30 >> Dinar<br \/>\n16:00 &#8211; <strong>talk4:<\/strong> [xsb] vim usable [<a href=\"https:\/\/gist.github.com\/xsb\/5991451\" target=\"_blank\">file<\/a>]<br \/>\n17:30 &#8211; <strong>talk5:<\/strong> [pablo] cfengine (automatitaci\u00f3n de administraci\u00f3n de sistemas)<br \/>\n19:00 &#8211; <strong>talk6:<\/strong> [ZUNbado] ACS Panel (panel de control multiservidor para ISP) [<a href=\"https:\/\/github.com\/AltCtrlSupr\" target=\"_blank\">file<\/a>]<br \/>\n20:30 &#8212;&#8212;&#8212;&#8211; end talks<br \/>\n21:00 >> Cena<\/p>\n<p>22:00 &#8211; <strong>Musica<\/strong><br \/>\n03:00 &#8211; finalitzaci\u00f3<\/p>","protected":false},"excerpt":{"rendered":"<p># Friday actividades en la carpa 19:00 &#8211; Presentaci\u00f3n SCG13 19:30 &#8211; opening talk: [Josep Jover] el hackerismo, una hist\u00f3ria de \u00e9xito[file1][file2] 21:00 &#8211; Cena 22:30 &#8211; Lightning talks &#8211; Al: batman advence [file] &#8211; Jaume: hs-garrotxa 02:00 &#8211; End lightning talks # Saturday talks 1h &#8211; 30&#8242; delay 09:00 >> Desayuno 10:00 &#8211; talk1: [&hellip;]<\/p>\n","protected":false},"author":1,"featured_media":0,"parent":175,"menu_order":-3,"comment_status":"closed","ping_status":"closed","template":"","meta":{"jetpack_post_was_ever_published":false,"footnotes":""},"class_list":["post-231","page","type-page","status-publish","hentry"],"jetpack_shortlink":"https:\/\/wp.me\/P1ibDl-3J","jetpack_sharing_enabled":true,"_links":{"self":[{"href":"https:\/\/summercamp.cat\/es\/wp-json\/wp\/v2\/pages\/231","targetHints":{"allow":["GET"]}}],"collection":[{"href":"https:\/\/summercamp.cat\/es\/wp-json\/wp\/v2\/pages"}],"about":[{"href":"https:\/\/summercamp.cat\/es\/wp-json\/wp\/v2\/types\/page"}],"author":[{"embeddable":true,"href":"https:\/\/summercamp.cat\/es\/wp-json\/wp\/v2\/users\/1"}],"replies":[{"embeddable":true,"href":"https:\/\/summercamp.cat\/es\/wp-json\/wp\/v2\/comments?post=231"}],"version-history":[{"count":17,"href":"https:\/\/summercamp.cat\/es\/wp-json\/wp\/v2\/pages\/231\/revisions"}],"predecessor-version":[{"id":577,"href":"https:\/\/summercamp.cat\/es\/wp-json\/wp\/v2\/pages\/231\/revisions\/577"}],"up":[{"embeddable":true,"href":"https:\/\/summercamp.cat\/es\/wp-json\/wp\/v2\/pages\/175"}],"wp:attachment":[{"href":"https:\/\/summercamp.cat\/es\/wp-json\/wp\/v2\/media?parent=231"}],"curies":[{"name":"wp","href":"https:\/\/api.w.org\/{rel}","templated":true}]}}