{"id":469,"date":"2015-05-02T16:10:16","date_gmt":"2015-05-02T14:10:16","guid":{"rendered":"http:\/\/summercamp.cat\/?page_id=469"},"modified":"2015-06-07T22:15:52","modified_gmt":"2015-06-07T20:15:52","slug":"sax15-introduccio-a-guifi-net-i-com-funciona","status":"publish","type":"page","link":"https:\/\/summercamp.cat\/es\/scg15\/xerrades-scg15\/sax15-introduccio-a-guifi-net-i-com-funciona\/","title":{"rendered":"SAX15 &#8211; Introducci\u00f3n a guifi.net y como funciona"},"content":{"rendered":"<p><strong>T\u00edtulo:<\/strong> Introducci\u00f3n a guifi.net y como funciona<\/p>\n<p><strong>Ponente:<\/strong> Ramon Roca<\/p>\n<p><strong>Evento:<\/strong> SAX 2015<\/p>\n<p><strong>Descripci\u00f3n:<\/strong><br \/>\nVersi\u00f3n resumida y general de que se hace en guifi.net, sus componentes (voluntariado, administraciones y empresas), desde cuando, y como funciona y se gestiona desde el punto de vista de sostenibilidad econ\u00f3mica, social y jur\u00eddica (\u00a1no es una charla tecnol\u00f3gica!).<\/p>","protected":false},"excerpt":{"rendered":"<p>T\u00edtulo: Introducci\u00f3n a guifi.net y como funciona Ponente: Ramon Roca Evento: SAX 2015 Descripci\u00f3n: Versi\u00f3n resumida y general de que se hace en guifi.net, sus componentes (voluntariado, administraciones y empresas), desde cuando, y como funciona y se gestiona desde el punto de vista de sostenibilidad econ\u00f3mica, social y jur\u00eddica (\u00a1no es una charla tecnol\u00f3gica!).<\/p>\n","protected":false},"author":1,"featured_media":0,"parent":455,"menu_order":2,"comment_status":"closed","ping_status":"closed","template":"","meta":{"jetpack_post_was_ever_published":false,"footnotes":""},"class_list":["post-469","page","type-page","status-publish","hentry"],"jetpack_shortlink":"https:\/\/wp.me\/P1ibDl-7z","jetpack_sharing_enabled":true,"_links":{"self":[{"href":"https:\/\/summercamp.cat\/es\/wp-json\/wp\/v2\/pages\/469","targetHints":{"allow":["GET"]}}],"collection":[{"href":"https:\/\/summercamp.cat\/es\/wp-json\/wp\/v2\/pages"}],"about":[{"href":"https:\/\/summercamp.cat\/es\/wp-json\/wp\/v2\/types\/page"}],"author":[{"embeddable":true,"href":"https:\/\/summercamp.cat\/es\/wp-json\/wp\/v2\/users\/1"}],"replies":[{"embeddable":true,"href":"https:\/\/summercamp.cat\/es\/wp-json\/wp\/v2\/comments?post=469"}],"version-history":[{"count":2,"href":"https:\/\/summercamp.cat\/es\/wp-json\/wp\/v2\/pages\/469\/revisions"}],"predecessor-version":[{"id":497,"href":"https:\/\/summercamp.cat\/es\/wp-json\/wp\/v2\/pages\/469\/revisions\/497"}],"up":[{"embeddable":true,"href":"https:\/\/summercamp.cat\/es\/wp-json\/wp\/v2\/pages\/455"}],"wp:attachment":[{"href":"https:\/\/summercamp.cat\/es\/wp-json\/wp\/v2\/media?parent=469"}],"curies":[{"name":"wp","href":"https:\/\/api.w.org\/{rel}","templated":true}]}}