{"id":47,"date":"2011-01-14T15:34:12","date_gmt":"2011-01-14T14:34:12","guid":{"rendered":"http:\/\/summercamp.cat\/"},"modified":"2013-05-20T04:55:06","modified_gmt":"2013-05-20T02:55:06","slug":"xerradesscg11","status":"publish","type":"page","link":"https:\/\/summercamp.cat\/es\/scg11\/xerradesscg11\/","title":{"rendered":"Charlas SCG11"},"content":{"rendered":"<p><a href=\"http:\/\/summercamp.cat\/files\/2011\/01\/wish.png\"><img loading=\"lazy\" decoding=\"async\" class=\"alignnone size-full wp-image-48\" title=\"wish\" src=\"http:\/\/summercamp.cat\/files\/2011\/01\/wish.png\" alt=\"\" width=\"200\" height=\"74\" \/><\/a><\/p>\n<p>Pon aqu\u00ed las ideas o cosas que te gustar\u00edan para la proxima edici\u00f3n.<\/p>\n<p><a title=\"wishlist\" href=\"http:\/\/pad.marsupi.org\/scg11-wishlist\" target=\"_blank\">http:\/\/pad.marsupi.org\/scg11-wishlist<\/a><\/p>","protected":false},"excerpt":{"rendered":"<p>Pon aqu\u00ed las ideas o cosas que te gustar\u00edan para la proxima edici\u00f3n. http:\/\/pad.marsupi.org\/scg11-wishlist<\/p>\n","protected":false},"author":1,"featured_media":0,"parent":2,"menu_order":0,"comment_status":"closed","ping_status":"closed","template":"","meta":{"jetpack_post_was_ever_published":false,"footnotes":""},"class_list":["post-47","page","type-page","status-publish","hentry"],"jetpack_shortlink":"https:\/\/wp.me\/P1ibDl-L","jetpack_sharing_enabled":true,"_links":{"self":[{"href":"https:\/\/summercamp.cat\/es\/wp-json\/wp\/v2\/pages\/47","targetHints":{"allow":["GET"]}}],"collection":[{"href":"https:\/\/summercamp.cat\/es\/wp-json\/wp\/v2\/pages"}],"about":[{"href":"https:\/\/summercamp.cat\/es\/wp-json\/wp\/v2\/types\/page"}],"author":[{"embeddable":true,"href":"https:\/\/summercamp.cat\/es\/wp-json\/wp\/v2\/users\/1"}],"replies":[{"embeddable":true,"href":"https:\/\/summercamp.cat\/es\/wp-json\/wp\/v2\/comments?post=47"}],"version-history":[{"count":11,"href":"https:\/\/summercamp.cat\/es\/wp-json\/wp\/v2\/pages\/47\/revisions"}],"predecessor-version":[{"id":244,"href":"https:\/\/summercamp.cat\/es\/wp-json\/wp\/v2\/pages\/47\/revisions\/244"}],"up":[{"embeddable":true,"href":"https:\/\/summercamp.cat\/es\/wp-json\/wp\/v2\/pages\/2"}],"wp:attachment":[{"href":"https:\/\/summercamp.cat\/es\/wp-json\/wp\/v2\/media?parent=47"}],"curies":[{"name":"wp","href":"https:\/\/api.w.org\/{rel}","templated":true}]}}