{"id":486,"date":"2015-05-12T19:18:10","date_gmt":"2015-05-12T17:18:10","guid":{"rendered":"http:\/\/summercamp.cat\/?page_id=486"},"modified":"2015-06-07T22:16:07","modified_gmt":"2015-06-07T20:16:07","slug":"sax15-balanc-de-la-participacio-de-la-fundacio-en-projectes-europeus","status":"publish","type":"page","link":"https:\/\/summercamp.cat\/es\/scg15\/xerrades-scg15\/sax15-balanc-de-la-participacio-de-la-fundacio-en-projectes-europeus\/","title":{"rendered":"SAX15 &#8211; Balance de la participaci\u00f3n de la Fundaci\u00f3n en proyectos Europeos"},"content":{"rendered":"<p><strong>T\u00edtulo:<\/strong> Balance de la participaci\u00f3n de la Fundaci\u00f3n en proyectos Europeos<\/p>\n<p><strong>Ponente:<\/strong> Roger Baig Vi\u00f1as<\/p>\n<p><strong>Evento:<\/strong> SAX 2015<\/p>\n<p><strong>Descripci\u00f3n:<\/strong><br \/>\nEn esta sesi\u00f3n repasaremos los resultados de la participaci\u00f3n de la fundaci\u00f3n en proyectos de investigaci\u00f3n (todos financiados por la Comisi\u00f3n Europea) y analizaremos el impacto obtenido en el proyecto guifi.net. La sesi\u00f3n tambi\u00e9n va a servir para conocer la opini\u00f3n de la comunidad y para sacar conclusiones de cara al futuro.<\/p>","protected":false},"excerpt":{"rendered":"<p>T\u00edtulo: Balance de la participaci\u00f3n de la Fundaci\u00f3n en proyectos Europeos Ponente: Roger Baig Vi\u00f1as Evento: SAX 2015 Descripci\u00f3n: En esta sesi\u00f3n repasaremos los resultados de la participaci\u00f3n de la fundaci\u00f3n en proyectos de investigaci\u00f3n (todos financiados por la Comisi\u00f3n Europea) y analizaremos el impacto obtenido en el proyecto guifi.net. La sesi\u00f3n tambi\u00e9n va a [&hellip;]<\/p>\n","protected":false},"author":1,"featured_media":0,"parent":455,"menu_order":3,"comment_status":"closed","ping_status":"closed","template":"","meta":{"jetpack_post_was_ever_published":false,"footnotes":""},"class_list":["post-486","page","type-page","status-publish","hentry"],"jetpack_shortlink":"https:\/\/wp.me\/P1ibDl-7Q","jetpack_sharing_enabled":true,"_links":{"self":[{"href":"https:\/\/summercamp.cat\/es\/wp-json\/wp\/v2\/pages\/486","targetHints":{"allow":["GET"]}}],"collection":[{"href":"https:\/\/summercamp.cat\/es\/wp-json\/wp\/v2\/pages"}],"about":[{"href":"https:\/\/summercamp.cat\/es\/wp-json\/wp\/v2\/types\/page"}],"author":[{"embeddable":true,"href":"https:\/\/summercamp.cat\/es\/wp-json\/wp\/v2\/users\/1"}],"replies":[{"embeddable":true,"href":"https:\/\/summercamp.cat\/es\/wp-json\/wp\/v2\/comments?post=486"}],"version-history":[{"count":2,"href":"https:\/\/summercamp.cat\/es\/wp-json\/wp\/v2\/pages\/486\/revisions"}],"predecessor-version":[{"id":495,"href":"https:\/\/summercamp.cat\/es\/wp-json\/wp\/v2\/pages\/486\/revisions\/495"}],"up":[{"embeddable":true,"href":"https:\/\/summercamp.cat\/es\/wp-json\/wp\/v2\/pages\/455"}],"wp:attachment":[{"href":"https:\/\/summercamp.cat\/es\/wp-json\/wp\/v2\/media?parent=486"}],"curies":[{"name":"wp","href":"https:\/\/api.w.org\/{rel}","templated":true}]}}