{"id":502,"date":"2015-05-19T20:27:29","date_gmt":"2015-05-19T18:27:29","guid":{"rendered":"http:\/\/summercamp.cat\/?page_id=502"},"modified":"2015-05-19T20:27:59","modified_gmt":"2015-05-19T18:27:59","slug":"scg15-lbmanager","status":"publish","type":"page","link":"https:\/\/summercamp.cat\/es\/scg15\/xerrades-scg15\/scg15-lbmanager\/","title":{"rendered":"SCG15 &#8211; Lbmanager"},"content":{"rendered":"<p><strong>T\u00edtulo:<\/strong> Lbmanager<\/p>\n<p><strong>Ponente:<\/strong> ZUNbado<\/p>\n<p><strong>Evento:<\/strong> SCG 2015<\/p>\n<p><strong>Descripci\u00f3n:<\/strong><br \/>\nHerramienta de gesti\u00f3n para balanceadores de carga web; explicaci\u00f3n y configuraci\u00f3n de los distintos servicios usados en el sistema para obtener alto rendimiento (balanceo y cache web) y alta disponibilidad en distintas capas.<\/p>","protected":false},"excerpt":{"rendered":"<p>T\u00edtulo: Lbmanager Ponente: ZUNbado Evento: SCG 2015 Descripci\u00f3n: Herramienta de gesti\u00f3n para balanceadores de carga web; explicaci\u00f3n y configuraci\u00f3n de los distintos servicios usados en el sistema para obtener alto rendimiento (balanceo y cache web) y alta disponibilidad en distintas capas.<\/p>\n","protected":false},"author":1,"featured_media":0,"parent":455,"menu_order":1,"comment_status":"closed","ping_status":"closed","template":"","meta":{"jetpack_post_was_ever_published":false,"footnotes":""},"class_list":["post-502","page","type-page","status-publish","hentry"],"jetpack_shortlink":"https:\/\/wp.me\/P1ibDl-86","jetpack_sharing_enabled":true,"_links":{"self":[{"href":"https:\/\/summercamp.cat\/es\/wp-json\/wp\/v2\/pages\/502","targetHints":{"allow":["GET"]}}],"collection":[{"href":"https:\/\/summercamp.cat\/es\/wp-json\/wp\/v2\/pages"}],"about":[{"href":"https:\/\/summercamp.cat\/es\/wp-json\/wp\/v2\/types\/page"}],"author":[{"embeddable":true,"href":"https:\/\/summercamp.cat\/es\/wp-json\/wp\/v2\/users\/1"}],"replies":[{"embeddable":true,"href":"https:\/\/summercamp.cat\/es\/wp-json\/wp\/v2\/comments?post=502"}],"version-history":[{"count":1,"href":"https:\/\/summercamp.cat\/es\/wp-json\/wp\/v2\/pages\/502\/revisions"}],"predecessor-version":[{"id":503,"href":"https:\/\/summercamp.cat\/es\/wp-json\/wp\/v2\/pages\/502\/revisions\/503"}],"up":[{"embeddable":true,"href":"https:\/\/summercamp.cat\/es\/wp-json\/wp\/v2\/pages\/455"}],"wp:attachment":[{"href":"https:\/\/summercamp.cat\/es\/wp-json\/wp\/v2\/media?parent=502"}],"curies":[{"name":"wp","href":"https:\/\/api.w.org\/{rel}","templated":true}]}}