{"id":522,"date":"2015-06-10T16:53:25","date_gmt":"2015-06-10T14:53:25","guid":{"rendered":"http:\/\/summercamp.cat\/?page_id=522"},"modified":"2015-06-10T17:02:07","modified_gmt":"2015-06-10T15:02:07","slug":"sax15-certificacio-mtcna-mikrotik-certified-network-associate","status":"publish","type":"page","link":"https:\/\/summercamp.cat\/es\/scg15\/xerrades-scg15\/sax15-certificacio-mtcna-mikrotik-certified-network-associate\/","title":{"rendered":"SAX15 &#8211; Certificaci\u00f3n MTCNA \u2013 MikroTik Certified Network Associate"},"content":{"rendered":"<p><strong>Titulo:<\/strong> Certificaci\u00f3n MTCNA \u2013 MikroTik Certified Network Associate<\/p>\n<p><strong>Ponente:<\/strong> Jorge Castellet<\/p>\n<p><strong>Evento:<\/strong> SAX 2015<\/p>\n<p><strong>Descripci\u00f3:<\/strong><br \/>\nFormaci\u00f3n y certificaci\u00f3n oficial de MTCNA. Precio de 60\u20ac+IVA\/alumno.<\/p>\n<p>Este curso pretende dar una visi\u00f3n generalizada de la utilizaci\u00f3n de sistemas RouterOS y los productos RouterBoard.<br \/>\nPermitir\u00e1 al alumno la habilidad de configurar, gestionar y realizar varias gestiones con un router Mikrotik y ofrecer servicios b\u00e1sicos a los usuarios.<\/p>\n<p><a href=\"http:\/\/www.mikrotik.com\/pdf\/MTCNA_Outline.pdf\" target=\"_blank\">M\u00e1s informaci\u00f3n<\/a><\/p>\n<p><strong>Material necesario:<\/strong><br \/>\nCada asistente tendr\u00e1 que traer un router Mikoritk (por ejemplo una RB951 o similar con wifi)<\/p>\n<p><strong>Timeline:<\/strong><br \/>\n&#8211; S\u00e1bado: Resoluci\u00f3n de dudas y clase durante todo el d\u00eda<br \/>\n&#8211; Domingo: Continuaci\u00f3n del d\u00eda anterior y a las 12h examen oficial<\/p>\n<p><strong>Inscripci\u00f3n y pago:<\/strong><br \/>\n&#8211; Enviar correo a jorge.castellet@gmail.com<br \/>\n&#8211; Fecha l\u00edmite inscripci\u00f3n: 21 de Junio del 2015<\/p>","protected":false},"excerpt":{"rendered":"<p>Titulo: Certificaci\u00f3n MTCNA \u2013 MikroTik Certified Network Associate Ponente: Jorge Castellet Evento: SAX 2015 Descripci\u00f3: Formaci\u00f3n y certificaci\u00f3n oficial de MTCNA. Precio de 60\u20ac+IVA\/alumno. Este curso pretende dar una visi\u00f3n generalizada de la utilizaci\u00f3n de sistemas RouterOS y los productos RouterBoard. Permitir\u00e1 al alumno la habilidad de configurar, gestionar y realizar varias gestiones con un [&hellip;]<\/p>\n","protected":false},"author":1,"featured_media":0,"parent":455,"menu_order":4,"comment_status":"closed","ping_status":"closed","template":"","meta":{"jetpack_post_was_ever_published":false,"footnotes":""},"class_list":["post-522","page","type-page","status-publish","hentry"],"jetpack_shortlink":"https:\/\/wp.me\/P1ibDl-8q","jetpack_sharing_enabled":true,"_links":{"self":[{"href":"https:\/\/summercamp.cat\/es\/wp-json\/wp\/v2\/pages\/522","targetHints":{"allow":["GET"]}}],"collection":[{"href":"https:\/\/summercamp.cat\/es\/wp-json\/wp\/v2\/pages"}],"about":[{"href":"https:\/\/summercamp.cat\/es\/wp-json\/wp\/v2\/types\/page"}],"author":[{"embeddable":true,"href":"https:\/\/summercamp.cat\/es\/wp-json\/wp\/v2\/users\/1"}],"replies":[{"embeddable":true,"href":"https:\/\/summercamp.cat\/es\/wp-json\/wp\/v2\/comments?post=522"}],"version-history":[{"count":3,"href":"https:\/\/summercamp.cat\/es\/wp-json\/wp\/v2\/pages\/522\/revisions"}],"predecessor-version":[{"id":526,"href":"https:\/\/summercamp.cat\/es\/wp-json\/wp\/v2\/pages\/522\/revisions\/526"}],"up":[{"embeddable":true,"href":"https:\/\/summercamp.cat\/es\/wp-json\/wp\/v2\/pages\/455"}],"wp:attachment":[{"href":"https:\/\/summercamp.cat\/es\/wp-json\/wp\/v2\/media?parent=522"}],"curies":[{"name":"wp","href":"https:\/\/api.w.org\/{rel}","templated":true}]}}