{"id":541,"date":"2015-06-14T17:12:24","date_gmt":"2015-06-14T15:12:24","guid":{"rendered":"http:\/\/summercamp.cat\/?page_id=541"},"modified":"2015-06-14T17:14:40","modified_gmt":"2015-06-14T15:14:40","slug":"scg15-ansible-facilitant-les-migdiades-al-sysadmin-des-de-2012","status":"publish","type":"page","link":"https:\/\/summercamp.cat\/es\/scg15\/xerrades-scg15\/scg15-ansible-facilitant-les-migdiades-al-sysadmin-des-de-2012\/","title":{"rendered":"SCG15 &#8211; Ansible: facilitando las siestas a los sysadmin desde 2012"},"content":{"rendered":"<p><strong>T\u00edtulo:<\/strong> Ansible: facilitando las siestas a los sysadmin desde 2012<\/p>\n<p><strong>Ponente:<\/strong> Adri\u00e0<\/p>\n<p><strong>Esdeveniment:<\/strong> SCG 2015<\/p>\n<p><strong>Evento:<\/strong><br \/>\nAnsible es un proyecto de c\u00f3digo abierto que nos permite gestionar nuestros servidores de forma f\u00e1cil, clara y descentralizada. En esta charla aprenderemos para que nos puede servir, como funciona y en definitiva, como puede facilitar la vida a los administradores de sistemas.<br \/>\nA\u00fan y tratarse de un proyecto creado en 2012, ha tenido una aceptaci\u00f3n muy buena y r\u00e1pia, y prueba de ello es que ya lo est\u00e1n usando organizaciones como Atlassian, Twitter o la NASA.<br \/>\nSe dirige a administradores de sistemas GNU\/Linux y a personas interesadas en conocer la \u00abfilosofia\u00bb DevOps.<br \/>\nSe recomienda nociones de scripting.<\/p>","protected":false},"excerpt":{"rendered":"<p>T\u00edtulo: Ansible: facilitando las siestas a los sysadmin desde 2012 Ponente: Adri\u00e0 Esdeveniment: SCG 2015 Evento: Ansible es un proyecto de c\u00f3digo abierto que nos permite gestionar nuestros servidores de forma f\u00e1cil, clara y descentralizada. En esta charla aprenderemos para que nos puede servir, como funciona y en definitiva, como puede facilitar la vida a [&hellip;]<\/p>\n","protected":false},"author":1,"featured_media":0,"parent":455,"menu_order":1,"comment_status":"closed","ping_status":"closed","template":"","meta":{"jetpack_post_was_ever_published":false,"footnotes":""},"class_list":["post-541","page","type-page","status-publish","hentry"],"jetpack_shortlink":"https:\/\/wp.me\/P1ibDl-8J","jetpack_sharing_enabled":true,"_links":{"self":[{"href":"https:\/\/summercamp.cat\/es\/wp-json\/wp\/v2\/pages\/541","targetHints":{"allow":["GET"]}}],"collection":[{"href":"https:\/\/summercamp.cat\/es\/wp-json\/wp\/v2\/pages"}],"about":[{"href":"https:\/\/summercamp.cat\/es\/wp-json\/wp\/v2\/types\/page"}],"author":[{"embeddable":true,"href":"https:\/\/summercamp.cat\/es\/wp-json\/wp\/v2\/users\/1"}],"replies":[{"embeddable":true,"href":"https:\/\/summercamp.cat\/es\/wp-json\/wp\/v2\/comments?post=541"}],"version-history":[{"count":1,"href":"https:\/\/summercamp.cat\/es\/wp-json\/wp\/v2\/pages\/541\/revisions"}],"predecessor-version":[{"id":543,"href":"https:\/\/summercamp.cat\/es\/wp-json\/wp\/v2\/pages\/541\/revisions\/543"}],"up":[{"embeddable":true,"href":"https:\/\/summercamp.cat\/es\/wp-json\/wp\/v2\/pages\/455"}],"wp:attachment":[{"href":"https:\/\/summercamp.cat\/es\/wp-json\/wp\/v2\/media?parent=541"}],"curies":[{"name":"wp","href":"https:\/\/api.w.org\/{rel}","templated":true}]}}