{"id":583,"date":"2016-10-01T13:13:57","date_gmt":"2016-10-01T11:13:57","guid":{"rendered":"https:\/\/summercamp.cat\/?page_id=583"},"modified":"2017-06-10T22:07:02","modified_gmt":"2017-06-10T20:07:02","slug":"xerrades-scg17","status":"publish","type":"page","link":"https:\/\/summercamp.cat\/es\/scg17\/xerrades-scg17\/","title":{"rendered":"Charlas SCG17"},"content":{"rendered":"<p><strong>Charlas<\/strong><\/p>\n<p># Viernes<br \/>\n&#8211; 19:00h Apertura: Ciberguerra (Laura Mora)<br \/>\n&#8211; 22:00h Karaoke friki + terapia anti-verguenza<\/p>\n<p># S\u00e1bado<br \/>\n&#8211; 11:00h Pesentaci\u00f3n de <a href=\"https:\/\/aspertic.org\" target=\"_blank\">ASPERTIC<\/a> la asociaci\u00f3n mediterr\u00e1nea de peritos de las TIC<\/p>\n<p>&#8211; 16:00h Sextorsi\u00f3n (Bruno P\u00e9rez)<br \/>\n&#8211; 17:30h Ransomware (Manolo Estevez)<br \/>\n&#8211; 19:00h Zevenet: Alta disponibilidad y Escalabilidad con balanceadores de carga (Emilio Campos)<br \/>\n&#8211; 20:30h I.A + Seguridad en el Cloud (Pau Mu\u00f1oz)<br \/>\n&#8211; 21:00h Cena<br \/>\n&#8211; 22:30h Seguridad en entornos industriales (CC)<br \/>\n&#8211; 00:00h [espai disponible]<\/p>\n<p>Paralelamente a las jornadas, y por a aquellas personas que veng\u00e1is de acompa\u00f1antes, o simplemente est\u00e9is interesadas y quer\u00e1is asistir a una actividad distinta, <a href=\"https:\/\/terapiagestaltblanes.com\/\" target=\"_blank\">Beatriz Dom\u00ednguez<\/a> dar\u00e1 un taller sobre el <a href=\"https:\/\/es.wikipedia.org\/wiki\/Eneagrama_de_la_personalidad\" target=\"_blank\">Eneagrama<\/a>, un curioso e interesante sistema de autoconocimiento ancestral que consiste en la clasificaci\u00f3n de la personalidad en 9 tipos. Si quer\u00e9is asistir al taller, en <a href=\"https:\/\/terapiagestaltblanes.com\/\" target=\"_blank\">su web<\/a> encontrar\u00e9is su contacto. Se ruega porfavor, hacer la inscripci\u00f3n con un mes de antelaci\u00f3n.<br \/>\nLa duraci\u00f3n del taller ser\u00e1 de viernes por la noche hasta el domingo al mediod\u00eda y se compartir\u00e1n los momentos de las comidas con el summercamp.<\/p>\n<p><strong>charlas<\/strong><\/p>\n<p>Estas tendr\u00e1n una duraci\u00f3n de 50 minutos y el idioma preferido ser\u00e1 el castellano.<\/p>","protected":false},"excerpt":{"rendered":"<p>Charlas # Viernes &#8211; 19:00h Apertura: Ciberguerra (Laura Mora) &#8211; 22:00h Karaoke friki + terapia anti-verguenza # S\u00e1bado &#8211; 11:00h Pesentaci\u00f3n de ASPERTIC la asociaci\u00f3n mediterr\u00e1nea de peritos de las TIC &#8211; 16:00h Sextorsi\u00f3n (Bruno P\u00e9rez) &#8211; 17:30h Ransomware (Manolo Estevez) &#8211; 19:00h Zevenet: Alta disponibilidad y Escalabilidad con balanceadores de carga (Emilio Campos) &#8211; [&hellip;]<\/p>\n","protected":false},"author":1,"featured_media":0,"parent":581,"menu_order":0,"comment_status":"closed","ping_status":"closed","template":"","meta":{"jetpack_post_was_ever_published":false,"footnotes":""},"class_list":["post-583","page","type-page","status-publish","hentry"],"jetpack_shortlink":"https:\/\/wp.me\/P1ibDl-9p","jetpack_sharing_enabled":true,"_links":{"self":[{"href":"https:\/\/summercamp.cat\/es\/wp-json\/wp\/v2\/pages\/583","targetHints":{"allow":["GET"]}}],"collection":[{"href":"https:\/\/summercamp.cat\/es\/wp-json\/wp\/v2\/pages"}],"about":[{"href":"https:\/\/summercamp.cat\/es\/wp-json\/wp\/v2\/types\/page"}],"author":[{"embeddable":true,"href":"https:\/\/summercamp.cat\/es\/wp-json\/wp\/v2\/users\/1"}],"replies":[{"embeddable":true,"href":"https:\/\/summercamp.cat\/es\/wp-json\/wp\/v2\/comments?post=583"}],"version-history":[{"count":25,"href":"https:\/\/summercamp.cat\/es\/wp-json\/wp\/v2\/pages\/583\/revisions"}],"predecessor-version":[{"id":764,"href":"https:\/\/summercamp.cat\/es\/wp-json\/wp\/v2\/pages\/583\/revisions\/764"}],"up":[{"embeddable":true,"href":"https:\/\/summercamp.cat\/es\/wp-json\/wp\/v2\/pages\/581"}],"wp:attachment":[{"href":"https:\/\/summercamp.cat\/es\/wp-json\/wp\/v2\/media?parent=583"}],"curies":[{"name":"wp","href":"https:\/\/api.w.org\/{rel}","templated":true}]}}