{"id":64,"date":"2011-03-15T15:19:20","date_gmt":"2011-03-15T14:19:20","guid":{"rendered":"http:\/\/summercamp.cat\/?page_id=64"},"modified":"2015-03-15T00:15:46","modified_gmt":"2015-03-14T23:15:46","slug":"scg10","status":"publish","type":"page","link":"https:\/\/summercamp.cat\/es\/scg10\/","title":{"rendered":"SCG10"},"content":{"rendered":"<p># Call4comecocos<\/p>\n<p>Por tercer a\u00f1o consecutivo, repetimos el Summer Camp Garrotxa.<br \/>\nDurante 3 d\u00edas en el mes de Julio, ven a intercambiar conocimiento<br \/>\nbajo nuestras carpas circundadas por la frondosa vegetaci\u00f3n de la<br \/>\nGarrotxa.<\/p>\n<p>Encontrar\u00e1s charlas nocturnas sobre criptograf\u00eda, tarjetas<br \/>\ninteligentes, processing e Internet eXchange Points, adem\u00e1s de un<br \/>\nconcierto de chip tune a dedos de chip subcut\u00e1neo, una jam session<br \/>\nelectr\u00f3nica y un espect\u00e1culo medieval.<\/p>\n<p>En motivo del \u00e9xito del espacio del a\u00f1o pasado, hemos decidido escoger<br \/>\npara esta tercera edici\u00f3n el Centre Social del Bosc de Tosca en Les<br \/>\nPreses (La Garrotxa, Girona), junto a la Volc\u00e0nica, una LAN Party que<br \/>\nse celebra en la Garrotxa desde hace 5 a\u00f1os.<\/p>\n<p>Ofrecemos as\u00ed a un gran abanico de participantes unas completas<br \/>\njornadas tecnol\u00f3gicas que tocar\u00e1n temas de gaming, software libre y<br \/>\nhacking.<\/p>\n<p>Las fechas ser\u00e1n el 16, 17 y 18 de Julio del 2010.<\/p>","protected":false},"excerpt":{"rendered":"<p># Call4comecocos Por tercer a\u00f1o consecutivo, repetimos el Summer Camp Garrotxa. Durante 3 d\u00edas en el mes de Julio, ven a intercambiar conocimiento bajo nuestras carpas circundadas por la frondosa vegetaci\u00f3n de la Garrotxa. Encontrar\u00e1s charlas nocturnas sobre criptograf\u00eda, tarjetas inteligentes, processing e Internet eXchange Points, adem\u00e1s de un concierto de chip tune a dedos [&hellip;]<\/p>\n","protected":false},"author":1,"featured_media":0,"parent":0,"menu_order":-2,"comment_status":"closed","ping_status":"closed","template":"","meta":{"footnotes":""},"class_list":["post-64","page","type-page","status-publish","hentry"],"jetpack_shortlink":"https:\/\/wp.me\/P1ibDl-12","jetpack_sharing_enabled":true,"_links":{"self":[{"href":"https:\/\/summercamp.cat\/es\/wp-json\/wp\/v2\/pages\/64","targetHints":{"allow":["GET"]}}],"collection":[{"href":"https:\/\/summercamp.cat\/es\/wp-json\/wp\/v2\/pages"}],"about":[{"href":"https:\/\/summercamp.cat\/es\/wp-json\/wp\/v2\/types\/page"}],"author":[{"embeddable":true,"href":"https:\/\/summercamp.cat\/es\/wp-json\/wp\/v2\/users\/1"}],"replies":[{"embeddable":true,"href":"https:\/\/summercamp.cat\/es\/wp-json\/wp\/v2\/comments?post=64"}],"version-history":[{"count":6,"href":"https:\/\/summercamp.cat\/es\/wp-json\/wp\/v2\/pages\/64\/revisions"}],"predecessor-version":[{"id":242,"href":"https:\/\/summercamp.cat\/es\/wp-json\/wp\/v2\/pages\/64\/revisions\/242"}],"wp:attachment":[{"href":"https:\/\/summercamp.cat\/es\/wp-json\/wp\/v2\/media?parent=64"}],"curies":[{"name":"wp","href":"https:\/\/api.w.org\/{rel}","templated":true}]}}