{"id":70,"date":"2011-03-15T15:36:56","date_gmt":"2011-03-15T14:36:56","guid":{"rendered":"http:\/\/summercamp.cat\/?page_id=70"},"modified":"2015-03-15T00:16:23","modified_gmt":"2015-03-14T23:16:23","slug":"scg09","status":"publish","type":"page","link":"https:\/\/summercamp.cat\/es\/scg09\/","title":{"rendered":"SCG09"},"content":{"rendered":"<p>&#8212;&#8212;&#8212;- call4participation &#8212;&#8212;&#8212;&#8211;<br \/>\nOtro a\u00f1o mas vuelve el Summer Camp Garrotxa, donde durante 3 d\u00edas del<br \/>\nmes de Julio se mezclan el ambiente rural y las nuevas tecnolog\u00edas.<\/p>\n<p>Este a\u00f1o el espacio seleccionado es al lado del Polideportivo del Bosc<br \/>\nde Tosca, en la poblaci\u00f3n de Les Preses (La Garrotxa, Girona) y<br \/>\ncompartiremos espacio con la Volc\u00e0nica, una party donde est\u00e1 presente<br \/>\nel uso del software libre, hemos decidido unir fuerzas para abarcar un<br \/>\nabanico mas amplio de publico, el mundo de los juegos y el mundo m\u00e1s<br \/>\nt\u00e9cnico de la inform\u00e1tica.<\/p>\n<p>Bajo el lema \u00aball your base are belong to us\u00bb queremos ofrecer una<br \/>\nparrilla de charlas con los temas t\u00e9cnicos que mas os interesan, \u00bflo<br \/>\nhemos olvidado? proponlo y miraremos de incluirlo, \u00bferes ponente y te<br \/>\ninteresar\u00eda ofrecer una charla? contacta con nosotros y dinos el tema<br \/>\nque tratar\u00e1s, tienes hasta el 23 de Junio para presentarla.<\/p>\n<p>Las fechas son el 17, 18 y 19 de Julio del 2009.<\/p>\n<p>Mas informaci\u00f3n en la p\u00e1gina web: http:\/\/hacklabs.org\/summercamp<br \/>\n&#8212;&#8212;&#8212;&#8212;&#8212;&#8212;&#8212;&#8212;&#8212;&#8212;&#8212;&#8212;&#8212;&#8212;&#8212;-<\/p>\n<p>Se acercan ya las fechas de la segunda edici\u00f3n del summer camp garrotxa.<\/p>\n<p>Para los que no lo sep\u00e1is a\u00fan, el summercamp es un evento encarado a<br \/>\nla parte mas t\u00e9cnica del mundo de los ordenadores. Dos de sus<br \/>\nprincipales caracter\u00edsticas son que se hace al aire libre y que las<br \/>\ncharlas son de noche (de 19h a 3h); \u00bfel motivo? sofocar el intenso<br \/>\ncalor de los d\u00edas de verano, aprovechando que La Garrotxa se encuentra<br \/>\nen una zona trans-pirenaica y por costumbre las noches ah\u00ed son<br \/>\nfrescas.<\/p>\n<p>El campamento dispone de una zona de acampada, otra de duchas y<br \/>\nservicios, otra de comida y otra de charlas. El summercamp y la<br \/>\nvolc\u00e1nica van a convivir en dos espacios distintos.<\/p>\n<p>Durante los tres d\u00edas de estancia podr\u00e9is participar en las distintas<br \/>\nactividades y concursos como un hackit, juegos de ordenador (consultar<br \/>\n<a href=\"http:\/\/volcanica.cat\/\" target=\"_blank\">volcanica.cat<\/a> para mas informaci\u00f3n), tiro con arco, lucha de espadas o<br \/>\nun curioso experimento de env\u00edo de correos electr\u00f3nicos sin ordenador.<\/p>\n<p>La volcanica es la LAN Party con la que compartimos espacio este a\u00f1o,<br \/>\nsirve para compartir unas mejoradas infraestructuras, como unos<br \/>\nmejores servicios o servicio de c\u00e1tering que tendr\u00e1 que reservarse<br \/>\nhasta el propio s\u00e1bado 18 de Julio a las 11 de la ma\u00f1ana. Este<br \/>\nc\u00e1tering ofrecer\u00e1 algunos de los platos t\u00edpicos de la zona.<\/p>\n<p>La entrada al summer camp ser\u00e1 de 15\u20ac y la de la volc\u00e1nica 20\u20ac. La<br \/>\nentrada incluye el acceso a la zona de acampada, a la zona de charlas,<br \/>\nservicio de barra, una camiseta del evento y una bolsa con el programa<br \/>\ny algunas sorpresas&#8230;<\/p>\n<p>El precio del c\u00e1tering ser\u00e1 de 8\u20ac por comida.<\/p>\n<p>Las charlas del summer camp van a ser:<\/p>\n<p>Viernes<br \/>\n&#8211; 20:30 &#8211; Nixos<br \/>\n&#8211; 22:30 &#8211; DoS sobre TCP\/IP<br \/>\n&#8211; 00:00 &#8211; CSK<br \/>\nS\u00e1bado<br \/>\n&#8211; 19:00 &#8211; Programaci\u00f3n para ni\u00f1os<br \/>\n&#8211; 22:00 &#8211; Hardware libre y electr\u00f3nica bajo GNU\/Linux<br \/>\n&#8211; 00:00 &#8211; XSS for fun and profit<br \/>\n&#8211; 02:00 &#8211; Radare<br \/>\nDomingo<br \/>\n&#8211; 12:00 &#8211; Mesa redonda: viabilidad de las redes wifi y las redes p\u00fablicas <\/p>\n<p>Para ver las charlas de la volc\u00e1nica acceder a \u00e9ste link:<br \/>\n<a href=\"http:\/\/www.volcanica.cat\/?page_id=404\" target=\"_blank\">http:\/\/www.volcanica.cat\/?page_id=404<\/a><\/p>\n<p>Las fechas del summercamp son el 17, 18 y 19 de Julio, en el centro<br \/>\nsocial del bosc de tosca en la poblaci\u00f3n de Les Preses (La Garrotxa,<br \/>\nGirona).<\/p>\n<p>En la p\u00e1gina web[1][2], encontrar\u00e9is informaci\u00f3n de las conexiones<br \/>\nentre las principales ciudades de la zona.<\/p>\n<p>Esperamos que los que asistieron el a\u00f1o pasado decidan pasarse otra<br \/>\nvez junto a nuevos acompa\u00f1antes tanto del mundo real como del virtual.<\/p>\n<p>Muchas gracias a todos! \\o\/<\/p>\n<p>all your base are belong to us&#8230;<\/p>\n<p>[1] <a href=\"http:\/\/www.associacio-aoe.org\/scg\/09\/?page_id=125\" target=\"_blank\">http:\/\/www.associacio-aoe.org\/scg\/09\/?page_id=125<\/a><br \/>\n[2] <a href=\"http:\/\/www.hacklabs.org\/summercamp\" target=\"_blank\">http:\/\/www.hacklabs.org\/summercamp<\/a><\/p>","protected":false},"excerpt":{"rendered":"<p>&#8212;&#8212;&#8212;- call4participation &#8212;&#8212;&#8212;&#8211; Otro a\u00f1o mas vuelve el Summer Camp Garrotxa, donde durante 3 d\u00edas del mes de Julio se mezclan el ambiente rural y las nuevas tecnolog\u00edas. Este a\u00f1o el espacio seleccionado es al lado del Polideportivo del Bosc de Tosca, en la poblaci\u00f3n de Les Preses (La Garrotxa, Girona) y compartiremos espacio con [&hellip;]<\/p>\n","protected":false},"author":1,"featured_media":0,"parent":0,"menu_order":-1,"comment_status":"closed","ping_status":"closed","template":"","meta":{"jetpack_post_was_ever_published":false,"footnotes":""},"class_list":["post-70","page","type-page","status-publish","hentry"],"jetpack_shortlink":"https:\/\/wp.me\/P1ibDl-18","jetpack_sharing_enabled":true,"_links":{"self":[{"href":"https:\/\/summercamp.cat\/es\/wp-json\/wp\/v2\/pages\/70","targetHints":{"allow":["GET"]}}],"collection":[{"href":"https:\/\/summercamp.cat\/es\/wp-json\/wp\/v2\/pages"}],"about":[{"href":"https:\/\/summercamp.cat\/es\/wp-json\/wp\/v2\/types\/page"}],"author":[{"embeddable":true,"href":"https:\/\/summercamp.cat\/es\/wp-json\/wp\/v2\/users\/1"}],"replies":[{"embeddable":true,"href":"https:\/\/summercamp.cat\/es\/wp-json\/wp\/v2\/comments?post=70"}],"version-history":[{"count":5,"href":"https:\/\/summercamp.cat\/es\/wp-json\/wp\/v2\/pages\/70\/revisions"}],"predecessor-version":[{"id":240,"href":"https:\/\/summercamp.cat\/es\/wp-json\/wp\/v2\/pages\/70\/revisions\/240"}],"wp:attachment":[{"href":"https:\/\/summercamp.cat\/es\/wp-json\/wp\/v2\/media?parent=70"}],"curies":[{"name":"wp","href":"https:\/\/api.w.org\/{rel}","templated":true}]}}