{"id":72,"date":"2011-03-15T15:44:47","date_gmt":"2011-03-15T14:44:47","guid":{"rendered":"http:\/\/summercamp.cat\/?page_id=72"},"modified":"2013-05-20T04:53:51","modified_gmt":"2013-05-20T02:53:51","slug":"scg08","status":"publish","type":"page","link":"https:\/\/summercamp.cat\/es\/scg08\/","title":{"rendered":"SCG08"},"content":{"rendered":"<p><strong>Sitio:<\/strong> Sant Jaume de Llierca<\/p>\n<p><a href=\"http:\/\/summercamp.cat\/files\/2011\/03\/comarca.png\"><img loading=\"lazy\" decoding=\"async\" alt=\"comarca\" src=\"http:\/\/summercamp.cat\/files\/2011\/03\/comarca.png\" width=\"150\" height=\"145\" \/><\/a><\/p>\n<p>&#8211; <a href=\"http:\/\/summercamp.cat\/files\/2011\/03\/cartell.pdf\">cartell<\/a><br \/>\n&#8211; <a href=\"http:\/\/summercamp.cat\/files\/2011\/03\/cartell_olot_nocol.pdf\">cartell2<\/a><\/p>\n<p><strong>Bienvenidos a la wiki del Summer Camp 2008<\/strong><\/p>\n<p><em>El Summer Camp 2008 se celebrar\u00e1 en a la Garrotxa los d\u00edas 4, 5 y 6 de Julio del 2008 en la poblaci\u00f3n de Sant Jaume de Llierca.<\/em><\/p>\n<p>Est\u00e1 oscuro, mis dedos se mueven al ritmo de la m\u00fasica, simplemente la luz del monitor es mi punto de referencia, caracteres y m\u00e1s caracteres aparecen en pocas pulsaciones y mi cerebro toma la informaci\u00f3n que necesito.<\/p>\n<p>Un delay, escucho y oigo los animales de la noche, miro alrededor y s\u00f3lo calma absoluta, miro hacia arriba y veo las estrellas, las contemplo y pienso en mi insignificancia, tomo una bocanada de aire fresco y lo trago, una sensaci\u00f3n de satisfacci\u00f3n recorre mis venas y viene a mi cabeza la imagen de un equivalente mundo virtual d\u00f3nde la omnipresencia es posible, donde el m\u00e1s rico no es el m\u00e1s poderoso, donde despu\u00e9s de la desconexi\u00f3n existe la reconexi\u00f3n, d\u00f3nde el medio de transporte es la electricidad y el billete un terminal.<\/p>\n<p>Despierto y veo que estoy en el mismo lugar de siempre, anhelo que la imagen acabada de ver se convierta en realidad.<\/p>\n<p><em>Hasta Julio!<\/em><\/p>","protected":false},"excerpt":{"rendered":"<p>Sitio: Sant Jaume de Llierca &#8211; cartell &#8211; cartell2 Bienvenidos a la wiki del Summer Camp 2008 El Summer Camp 2008 se celebrar\u00e1 en a la Garrotxa los d\u00edas 4, 5 y 6 de Julio del 2008 en la poblaci\u00f3n de Sant Jaume de Llierca. Est\u00e1 oscuro, mis dedos se mueven al ritmo de la [&hellip;]<\/p>\n","protected":false},"author":1,"featured_media":0,"parent":0,"menu_order":0,"comment_status":"closed","ping_status":"closed","template":"","meta":{"jetpack_post_was_ever_published":false,"footnotes":""},"class_list":["post-72","page","type-page","status-publish","hentry"],"jetpack_shortlink":"https:\/\/wp.me\/P1ibDl-1a","jetpack_sharing_enabled":true,"_links":{"self":[{"href":"https:\/\/summercamp.cat\/es\/wp-json\/wp\/v2\/pages\/72","targetHints":{"allow":["GET"]}}],"collection":[{"href":"https:\/\/summercamp.cat\/es\/wp-json\/wp\/v2\/pages"}],"about":[{"href":"https:\/\/summercamp.cat\/es\/wp-json\/wp\/v2\/types\/page"}],"author":[{"embeddable":true,"href":"https:\/\/summercamp.cat\/es\/wp-json\/wp\/v2\/users\/1"}],"replies":[{"embeddable":true,"href":"https:\/\/summercamp.cat\/es\/wp-json\/wp\/v2\/comments?post=72"}],"version-history":[{"count":10,"href":"https:\/\/summercamp.cat\/es\/wp-json\/wp\/v2\/pages\/72\/revisions"}],"predecessor-version":[{"id":238,"href":"https:\/\/summercamp.cat\/es\/wp-json\/wp\/v2\/pages\/72\/revisions\/238"}],"wp:attachment":[{"href":"https:\/\/summercamp.cat\/es\/wp-json\/wp\/v2\/media?parent=72"}],"curies":[{"name":"wp","href":"https:\/\/api.w.org\/{rel}","templated":true}]}}